{"id":28887,"date":"2026-04-24T15:30:56","date_gmt":"2026-04-24T12:30:56","guid":{"rendered":"https:\/\/minigolfrio.ee\/contact\/"},"modified":"2026-04-24T15:30:56","modified_gmt":"2026-04-24T12:30:56","slug":"contact","status":"publish","type":"page","link":"https:\/\/minigolfrio.ee\/en\/contact\/","title":{"rendered":"Contact"},"content":{"rendered":"\n<div class=\"wp-block-uagb-container uagb-block-96be4ba7 alignfull uagb-is-root-container\"><div class=\"uagb-container-inner-blocks-wrap\">\n<div class=\"wp-block-uagb-advanced-heading uagb-block-63b29c25\"><h2 class=\"uagb-heading-text\">Contact<\/h2><\/div>\n<\/div><\/div>\n\n\n\n<div class=\"wp-block-uagb-container uagb-block-48390fc2 alignfull uagb-is-root-container\"><div class=\"uagb-container-inner-blocks-wrap\">\n<div class=\"wp-block-uagb-container uagb-block-ce433830\">\n<p>Hours:<br>Mon &#8211; Fri 14:00-22:00<br>Sat- Sun 10:00-22:00<\/p>\n\n\n\n<p>ARONA O\u00dc<br>Tartu, V\u00f5ru 55f,<br>Estonia 50111<br>S\u00f5brakeskus 1.korrus<br><strong><span style=\"color: var(--theme-palette-color-2, #e7af5d);\" class=\"stk-highlight\"><a href=\"mailto:info@minigolfrio.ee\">info@minigolfrio.ee<\/a><br><a href=\"tel:5242814\">+372 52 42 814<\/a><\/span><\/strong><\/p>\n<\/div>\n\n\n\n<div class=\"wp-block-uagb-container uagb-block-2008983e\">\t\t\t<div \n\t\t\tclass=\"wp-block-uagb-google-map uagb-google-map__wrap uagb-block-64c3f1df     \"\n\t\t\tstyle=\"\" >\n\t\t\t\t<embed\n\t\t\t\t\tclass=\"uagb-google-map__iframe\"\n\t\t\t\t\ttitle=\"Google Map for \"\n\t\t\t\t\tsrc=\"https:\/\/maps.google.com\/maps?q=v%C3%B5ru%2055f%20tsartu&#038;z=12&#038;hl=en&#038;t=m&#038;output=embed&#038;iwloc=near\"\n\t\t\t\t\twidth=\"640\"\n\t\t\t\t\theight=\"300\"\n\t\t\t\t\tloading=\"lazy\"\n\t\t\t\t><\/embed>\n\t\t\t<\/div>\n\t\t\t<\/div>\n<\/div><\/div>\n\n\n\n<div class=\"wp-block-uagb-container uagb-block-d5d0bde1 alignfull uagb-is-root-container\"><div class=\"uagb-container-inner-blocks-wrap\">\n<div class=\"wp-block-contact-form-7-contact-form-selector\"><p class=\"wpcf7-contact-form-not-found\"><strong>Error:<\/strong> Contact form not found.<\/p><\/div>\n<\/div><\/div>\n","protected":false},"excerpt":{"rendered":"<p>Contact Hours:Mon &#8211; Fri 14:00-22:00Sat- Sun 10:00-22:00 ARONA O\u00dcTartu, V\u00f5ru 55f,Estonia 50111S\u00f5brakeskus 1.korrusinfo@minigolfrio.ee+372 52 42 814<\/p>\n","protected":false},"author":8,"featured_media":0,"parent":0,"menu_order":0,"comment_status":"closed","ping_status":"closed","template":"","meta":{"_gspb_post_css":"","inline_featured_image":false,"_uag_custom_page_level_css":"","footnotes":""},"class_list":["post-28887","page","type-page","status-publish","hentry"],"blocksy_meta":[],"yoast_head":"<!-- This site is optimized with the Yoast SEO plugin v27.5 - https:\/\/yoast.com\/product\/yoast-seo-wordpress\/ -->\n<title>Contact -<\/title>\n<meta name=\"description\" content=\"Contact us! The Tartu Leisure Center offers mini-golf, go-karts, an LED floor, a trampoline area, a soft block room, and much more.\" \/>\n<meta name=\"robots\" content=\"index, follow, max-snippet:-1, max-image-preview:large, max-video-preview:-1\" \/>\n<link rel=\"canonical\" href=\"https:\/\/minigolfrio.ee\/en\/contact\/\" \/>\n<meta property=\"og:locale\" content=\"en_GB\" \/>\n<meta property=\"og:type\" content=\"article\" \/>\n<meta property=\"og:title\" content=\"Contact -\" \/>\n<meta property=\"og:description\" content=\"Contact us! The Tartu Leisure Center offers mini-golf, go-karts, an LED floor, a trampoline area, a soft block room, and much more.\" \/>\n<meta property=\"og:url\" content=\"https:\/\/minigolfrio.ee\/en\/contact\/\" \/>\n<meta property=\"article:publisher\" content=\"https:\/\/www.facebook.com\/minigolfrio\" \/>\n<meta name=\"twitter:card\" content=\"summary_large_image\" \/>\n<script type=\"application\/ld+json\" class=\"yoast-schema-graph\">{\"@context\":\"https:\\\/\\\/schema.org\",\"@graph\":[{\"@type\":\"WebPage\",\"@id\":\"https:\\\/\\\/minigolfrio.ee\\\/en\\\/contact\\\/\",\"url\":\"https:\\\/\\\/minigolfrio.ee\\\/en\\\/contact\\\/\",\"name\":\"Contact -\",\"isPartOf\":{\"@id\":\"https:\\\/\\\/minigolfrio.ee\\\/#website\"},\"datePublished\":\"2026-04-24T12:30:56+00:00\",\"description\":\"Contact us! The Tartu Leisure Center offers mini-golf, go-karts, an LED floor, a trampoline area, a soft block room, and much more.\",\"breadcrumb\":{\"@id\":\"https:\\\/\\\/minigolfrio.ee\\\/en\\\/contact\\\/#breadcrumb\"},\"inLanguage\":\"en-GB\",\"potentialAction\":[{\"@type\":\"ReadAction\",\"target\":[\"https:\\\/\\\/minigolfrio.ee\\\/en\\\/contact\\\/\"]}]},{\"@type\":\"BreadcrumbList\",\"@id\":\"https:\\\/\\\/minigolfrio.ee\\\/en\\\/contact\\\/#breadcrumb\",\"itemListElement\":[{\"@type\":\"ListItem\",\"position\":1,\"name\":\"Home\",\"item\":\"https:\\\/\\\/minigolfrio.ee\\\/en\\\/\"},{\"@type\":\"ListItem\",\"position\":2,\"name\":\"Contact\"}]},{\"@type\":\"WebSite\",\"@id\":\"https:\\\/\\\/minigolfrio.ee\\\/#website\",\"url\":\"https:\\\/\\\/minigolfrio.ee\\\/\",\"name\":\"Minigolf Rio\",\"description\":\"Ainulaadne vabaajakeskus Tartus\",\"publisher\":{\"@id\":\"https:\\\/\\\/minigolfrio.ee\\\/#organization\"},\"potentialAction\":[{\"@type\":\"SearchAction\",\"target\":{\"@type\":\"EntryPoint\",\"urlTemplate\":\"https:\\\/\\\/minigolfrio.ee\\\/?s={search_term_string}\"},\"query-input\":{\"@type\":\"PropertyValueSpecification\",\"valueRequired\":true,\"valueName\":\"search_term_string\"}}],\"inLanguage\":\"en-GB\"},{\"@type\":\"Organization\",\"@id\":\"https:\\\/\\\/minigolfrio.ee\\\/#organization\",\"name\":\"Minigolf Rio\",\"url\":\"https:\\\/\\\/minigolfrio.ee\\\/\",\"logo\":{\"@type\":\"ImageObject\",\"inLanguage\":\"en-GB\",\"@id\":\"https:\\\/\\\/minigolfrio.ee\\\/#\\\/schema\\\/logo\\\/image\\\/\",\"url\":\"https:\\\/\\\/minigolfrio.ee\\\/wp-content\\\/uploads\\\/2025\\\/03\\\/Rio-minigolf-Logo-labipaistev-1.svg\",\"contentUrl\":\"https:\\\/\\\/minigolfrio.ee\\\/wp-content\\\/uploads\\\/2025\\\/03\\\/Rio-minigolf-Logo-labipaistev-1.svg\",\"width\":85,\"height\":85,\"caption\":\"Minigolf Rio\"},\"image\":{\"@id\":\"https:\\\/\\\/minigolfrio.ee\\\/#\\\/schema\\\/logo\\\/image\\\/\"},\"sameAs\":[\"https:\\\/\\\/www.facebook.com\\\/minigolfrio\",\"https:\\\/\\\/www.instagram.com\\\/minigolfrio\\\/\"]}]}<\/script>\n<!-- \/ Yoast SEO plugin. -->","yoast_head_json":{"title":"Contact -","description":"Contact us! The Tartu Leisure Center offers mini-golf, go-karts, an LED floor, a trampoline area, a soft block room, and much more.","robots":{"index":"index","follow":"follow","max-snippet":"max-snippet:-1","max-image-preview":"max-image-preview:large","max-video-preview":"max-video-preview:-1"},"canonical":"https:\/\/minigolfrio.ee\/en\/contact\/","og_locale":"en_GB","og_type":"article","og_title":"Contact -","og_description":"Contact us! The Tartu Leisure Center offers mini-golf, go-karts, an LED floor, a trampoline area, a soft block room, and much more.","og_url":"https:\/\/minigolfrio.ee\/en\/contact\/","article_publisher":"https:\/\/www.facebook.com\/minigolfrio","twitter_card":"summary_large_image","schema":{"@context":"https:\/\/schema.org","@graph":[{"@type":"WebPage","@id":"https:\/\/minigolfrio.ee\/en\/contact\/","url":"https:\/\/minigolfrio.ee\/en\/contact\/","name":"Contact -","isPartOf":{"@id":"https:\/\/minigolfrio.ee\/#website"},"datePublished":"2026-04-24T12:30:56+00:00","description":"Contact us! The Tartu Leisure Center offers mini-golf, go-karts, an LED floor, a trampoline area, a soft block room, and much more.","breadcrumb":{"@id":"https:\/\/minigolfrio.ee\/en\/contact\/#breadcrumb"},"inLanguage":"en-GB","potentialAction":[{"@type":"ReadAction","target":["https:\/\/minigolfrio.ee\/en\/contact\/"]}]},{"@type":"BreadcrumbList","@id":"https:\/\/minigolfrio.ee\/en\/contact\/#breadcrumb","itemListElement":[{"@type":"ListItem","position":1,"name":"Home","item":"https:\/\/minigolfrio.ee\/en\/"},{"@type":"ListItem","position":2,"name":"Contact"}]},{"@type":"WebSite","@id":"https:\/\/minigolfrio.ee\/#website","url":"https:\/\/minigolfrio.ee\/","name":"Minigolf Rio","description":"Ainulaadne vabaajakeskus Tartus","publisher":{"@id":"https:\/\/minigolfrio.ee\/#organization"},"potentialAction":[{"@type":"SearchAction","target":{"@type":"EntryPoint","urlTemplate":"https:\/\/minigolfrio.ee\/?s={search_term_string}"},"query-input":{"@type":"PropertyValueSpecification","valueRequired":true,"valueName":"search_term_string"}}],"inLanguage":"en-GB"},{"@type":"Organization","@id":"https:\/\/minigolfrio.ee\/#organization","name":"Minigolf Rio","url":"https:\/\/minigolfrio.ee\/","logo":{"@type":"ImageObject","inLanguage":"en-GB","@id":"https:\/\/minigolfrio.ee\/#\/schema\/logo\/image\/","url":"https:\/\/minigolfrio.ee\/wp-content\/uploads\/2025\/03\/Rio-minigolf-Logo-labipaistev-1.svg","contentUrl":"https:\/\/minigolfrio.ee\/wp-content\/uploads\/2025\/03\/Rio-minigolf-Logo-labipaistev-1.svg","width":85,"height":85,"caption":"Minigolf Rio"},"image":{"@id":"https:\/\/minigolfrio.ee\/#\/schema\/logo\/image\/"},"sameAs":["https:\/\/www.facebook.com\/minigolfrio","https:\/\/www.instagram.com\/minigolfrio\/"]}]}},"uagb_featured_image_src":{"full":false,"thumbnail":false,"medium":false,"medium_large":false,"large":false,"1536x1536":false,"2048x2048":false,"woocommerce_archive_thumbnail":false,"woocommerce_thumbnail":false,"woocommerce_single":false,"woocommerce_gallery_thumbnail":false},"uagb_author_info":{"display_name":"Tiina","author_link":"https:\/\/minigolfrio.ee\/en\/author\/tiina\/"},"uagb_comment_info":0,"uagb_excerpt":"Contact Hours:Mon &#8211; Fri 14:00-22:00Sat- Sun 10:00-22:00 ARONA O\u00dcTartu, V\u00f5ru 55f,Estonia 50111S\u00f5brakeskus 1.korrusinfo@minigolfrio.ee+372 52 42 814","_links":{"self":[{"href":"https:\/\/minigolfrio.ee\/en\/wp-json\/wp\/v2\/pages\/28887","targetHints":{"allow":["GET"]}}],"collection":[{"href":"https:\/\/minigolfrio.ee\/en\/wp-json\/wp\/v2\/pages"}],"about":[{"href":"https:\/\/minigolfrio.ee\/en\/wp-json\/wp\/v2\/types\/page"}],"author":[{"embeddable":true,"href":"https:\/\/minigolfrio.ee\/en\/wp-json\/wp\/v2\/users\/8"}],"replies":[{"embeddable":true,"href":"https:\/\/minigolfrio.ee\/en\/wp-json\/wp\/v2\/comments?post=28887"}],"version-history":[{"count":1,"href":"https:\/\/minigolfrio.ee\/en\/wp-json\/wp\/v2\/pages\/28887\/revisions"}],"predecessor-version":[{"id":28948,"href":"https:\/\/minigolfrio.ee\/en\/wp-json\/wp\/v2\/pages\/28887\/revisions\/28948"}],"wp:attachment":[{"href":"https:\/\/minigolfrio.ee\/en\/wp-json\/wp\/v2\/media?parent=28887"}],"curies":[{"name":"wp","href":"https:\/\/api.w.org\/{rel}","templated":true}]}}