{"id":23867,"date":"2020-08-27T08:23:10","date_gmt":"2020-08-27T05:23:10","guid":{"rendered":"https:\/\/minigolfrio.ee\/privatuma-politika\/"},"modified":"2025-08-30T07:51:29","modified_gmt":"2025-08-30T07:51:29","slug":"privatuma-politika","status":"publish","type":"page","link":"https:\/\/minigolfrio.ee\/lv\/privatuma-politika\/","title":{"rendered":"Priv\u0101tuma politika"},"content":{"rendered":"<ol data-start=\"24\" data-end=\"2219\">\n<li data-start=\"2005\" data-end=\"2219\">\n<p style=\"margin-bottom:0cm\"><b>Priv\u0101tuma politika<o:p><\/o:p><\/b><\/p>\n<ol style=\"margin-top:0cm\" start=\"1\" type=\"1\">\n<li style=\"margin-bottom:0cm;mso-list:l0 level1 lfo1;\n     tab-stops:list 36.0pt\"><b>Ievads<\/b><br \/>\n     Uz\u0146\u0113mums&nbsp;<i>Arona O\u00dc<\/i>&nbsp;ciena j\u016bsu priv\u0101tumu un ap\u0146emas<br \/>\n     aizsarg\u0101t j\u016bsu personas datus. \u0160\u012b priv\u0101tuma politika izskaidro, k\u0101<br \/>\n     uz\u0146\u0113mums v\u0101c, izmanto un aizsarg\u0101 j\u016bsu personas datus, kad apmekl\u0113jat m\u016bsu<br \/>\n     m\u0101jaslapu vai izmantojat m\u016bsu pakalpojumus.<o:p><\/o:p><\/li>\n<li style=\"margin-bottom:0cm;mso-list:l0 level1 lfo1;\n     tab-stops:list 36.0pt\"><b>Dati, kuri tiek v\u0101kti<\/b><br \/>\n     Uz\u0146\u0113mums v\u0101c \u0161\u0101dus personas datus:<o:p><\/o:p><\/li>\n<ul style=\"margin-top:0cm\" type=\"circle\">\n<li style=\"margin-bottom:0cm;mso-list:l0 level2 lfo1;\n      tab-stops:list 72.0pt\">v\u0101rds,<o:p><\/o:p><\/li>\n<li style=\"margin-bottom:0cm;mso-list:l0 level2 lfo1;\n      tab-stops:list 72.0pt\">e-pasta adrese,<o:p><\/o:p><\/li>\n<li style=\"margin-bottom:0cm;mso-list:l0 level2 lfo1;\n      tab-stops:list 72.0pt\">t\u0101lru\u0146a numurs,<o:p><\/o:p><\/li>\n<li style=\"margin-bottom:0cm;mso-list:l0 level2 lfo1;\n      tab-stops:list 72.0pt\">apmekl\u0113t\u0101s lapas m\u016bsu m\u0101jaslap\u0101,<o:p><\/o:p><\/li>\n<li style=\"margin-bottom:0cm;mso-list:l0 level2 lfo1;\n      tab-stops:list 72.0pt\">s\u012bkfaili un citi uzraudz\u012bbas dati.<o:p><\/o:p><\/li>\n<\/ul>\n<li style=\"margin-bottom:0cm;mso-list:l0 level1 lfo1;\n     tab-stops:list 36.0pt\"><b>Datu izmanto\u0161anas m\u0113r\u0137i<\/b><br \/>\n     Uz\u0146\u0113mums neizmanto j\u016bsu personas datus m\u0101rketinga vai rekl\u0101mas nol\u016bkos.<br \/>\n     V\u0101ktie dati tiek izmantoti tikai pakalpojumu snieg\u0161anai un p\u0101rvald\u012bbai.<br \/>\n     Uz\u0146\u0113mums nepl\u0101no izmantot j\u016bsu datus citiem m\u0113r\u0137iem.<o:p><\/o:p><\/li>\n<li style=\"margin-bottom:0cm;mso-list:l0 level1 lfo1;\n     tab-stops:list 36.0pt\"><b>Datu aizsardz\u012bba<\/b><br \/>\n     Uz\u0146\u0113mums veic visus nepiecie\u0161amos dro\u0161\u012bbas pas\u0101kumus, lai aizsarg\u0101tu j\u016bsu<br \/>\n     personas datus no neautoriz\u0113tas piek\u013cuves, izmanto\u0161anas vai izpau\u0161anas.<br \/>\n     Visi j\u016bsu dati tiek glab\u0101ti dro\u0161os serveros un saglab\u0101ti konfidenci\u0101li.<o:p><\/o:p><\/li>\n<li style=\"margin-bottom:0cm;mso-list:l0 level1 lfo1;\n     tab-stops:list 36.0pt\"><b>Datu kop\u012bgo\u0161ana un izpau\u0161ana<\/b><br \/>\n     J\u016bsu personas dati tiek kop\u012bgoti tikai ar&nbsp;<i>Google Analytics<\/i>,<br \/>\n     lai analiz\u0113tu \u0161o m\u0101jaslapu. Uz\u0146\u0113mums nekop\u012bgo j\u016bsu datus ar cit\u0101m tre\u0161aj\u0101m<br \/>\n     person\u0101m.<o:p><\/o:p><\/li>\n<li style=\"margin-bottom:0cm;mso-list:l0 level1 lfo1;\n     tab-stops:list 36.0pt\"><b>S\u012bkfaili&nbsp;<o:p><\/o:p><\/b><\/li>\n<\/ol>\n<p style=\"margin-top:0cm;margin-right:0cm;margin-bottom:0cm;\nmargin-left:36.0pt\">Uz\u0146\u0113mums izmanto s\u012bkfailus, lai nodro\u0161in\u0101tu lab\u0101ku t\u012bmek\u013ca<br \/>\npieredzi un analiz\u0113tu m\u0101jaslapas izmanto\u0161anu. S\u012bkfaili ir mazi faili, kas tiek<br \/>\nsaglab\u0101ti j\u016bsu ier\u012bc\u0113 un \u013cauj mums identific\u0113t j\u016bsu p\u0101rl\u016bku un iepriek\u0161\u0113jos<br \/>\napmekl\u0113jumus.<o:p><\/o:p><\/p>\n<ol style=\"margin-top:0cm\" start=\"7\" type=\"1\">\n<li style=\"margin-bottom:0cm;mso-list:l0 level1 lfo1;\n     tab-stops:list 36.0pt\"><b>Datu uzglab\u0101\u0161ana<\/b><br \/>\n     Uz\u0146\u0113mums v\u0101c j\u016bsu datus tikai pakalpojumu snieg\u0161anas laik\u0101 un glab\u0101 tos<br \/>\n     l\u012bdz 60 dien\u0101m. P\u0113c \u0161\u012b perioda dati tiek dz\u0113sti.<o:p><\/o:p><\/li>\n<li style=\"margin-bottom:0cm;mso-list:l0 level1 lfo1;\n     tab-stops:list 36.0pt\"><b>Ties\u012bbas un izv\u0113les iesp\u0113jas<\/b><br \/>\n     Jums ir ties\u012bbas piepras\u012bt piek\u013cuvi saviem personas datiem, tos labot,<br \/>\n     dz\u0113st vai ierobe\u017eot to apstr\u0101di. T\u0101pat jums ir ties\u012bbas iebilst pret savu<br \/>\n     datu apstr\u0101di tie\u0161\u0101 m\u0101rketinga nol\u016bkos.<o:p><\/o:p><\/li>\n<li style=\"margin-bottom:0cm;mso-list:l0 level1 lfo1;\n     tab-stops:list 36.0pt\"><b>Izmai\u0146as priv\u0101tuma politik\u0101<\/b><br \/>\n     Uz\u0146\u0113mums var veikt izmai\u0146as \u0161aj\u0101 priv\u0101tuma politik\u0101, lai atspogu\u013cotu<br \/>\n     likumdo\u0161anas izmai\u0146as vai pakalpojumu uzlabojumus. Jebkuras izmai\u0146as tiks<br \/>\n     public\u0113tas m\u016bsu m\u0101jaslap\u0101 un st\u0101sies sp\u0113k\u0101 nekav\u0113joties p\u0113c public\u0113\u0161anas.<o:p><\/o:p><\/li>\n<li style=\"margin-bottom:0cm;mso-list:l0 level1 lfo1;\n     tab-stops:list 36.0pt\"><b>Kontaktinform\u0101cija<\/b><br \/>\n     Ja jums ir jaut\u0101jumi par m\u016bsu priv\u0101tuma politiku, l\u016bdzu, sazinieties ar<br \/>\n     mums:<br \/>\n     <i>Arona O\u00dc<\/i><br \/>\n     info@minigolfrio.ee<br \/>\n     +372 52 42 814<br \/>\n     Tartu, V\u00f5ru 55f, Eesti 81566<o:p><\/o:p><\/li>\n<\/ol>\n<p style=\"margin-bottom:0cm\"><o:p>&nbsp;<\/o:p><\/p>\n<\/li>\n<\/ol>\n","protected":false},"excerpt":{"rendered":"<p>Priv\u0101tuma politika Ievads Uz\u0146\u0113mums&nbsp;Arona O\u00dc&nbsp;ciena j\u016bsu priv\u0101tumu un ap\u0146emas aizsarg\u0101t j\u016bsu personas datus. \u0160\u012b priv\u0101tuma politika izskaidro, k\u0101 uz\u0146\u0113mums v\u0101c, izmanto un aizsarg\u0101 j\u016bsu personas datus, kad apmekl\u0113jat m\u016bsu m\u0101jaslapu vai izmantojat m\u016bsu pakalpojumus. Dati, kuri tiek v\u0101kti Uz\u0146\u0113mums v\u0101c \u0161\u0101dus personas datus: v\u0101rds, e-pasta adrese, t\u0101lru\u0146a numurs, apmekl\u0113t\u0101s lapas m\u016bsu m\u0101jaslap\u0101, s\u012bkfaili un citi [&hellip;]<\/p>\n","protected":false},"author":1,"featured_media":0,"parent":0,"menu_order":0,"comment_status":"closed","ping_status":"closed","template":"","meta":{"_gspb_post_css":"","inline_featured_image":false,"_uag_custom_page_level_css":"","footnotes":""},"class_list":["post-23867","page","type-page","status-publish","hentry"],"blocksy_meta":[],"yoast_head":"<!-- This site is optimized with the Yoast SEO plugin v27.5 - https:\/\/yoast.com\/product\/yoast-seo-wordpress\/ -->\n<title>Priv\u0101tuma politika -<\/title>\n<meta name=\"robots\" content=\"index, follow, max-snippet:-1, max-image-preview:large, max-video-preview:-1\" \/>\n<link rel=\"canonical\" href=\"https:\/\/minigolfrio.ee\/lv\/privatuma-politika\/\" \/>\n<meta property=\"og:locale\" content=\"lv_LV\" \/>\n<meta property=\"og:type\" content=\"article\" \/>\n<meta property=\"og:title\" content=\"Priv\u0101tuma politika -\" \/>\n<meta property=\"og:description\" content=\"Priv\u0101tuma politika Ievads Uz\u0146\u0113mums&nbsp;Arona O\u00dc&nbsp;ciena j\u016bsu priv\u0101tumu un ap\u0146emas aizsarg\u0101t j\u016bsu personas datus. \u0160\u012b priv\u0101tuma politika izskaidro, k\u0101 uz\u0146\u0113mums v\u0101c, izmanto un aizsarg\u0101 j\u016bsu personas datus, kad apmekl\u0113jat m\u016bsu m\u0101jaslapu vai izmantojat m\u016bsu pakalpojumus. Dati, kuri tiek v\u0101kti Uz\u0146\u0113mums v\u0101c \u0161\u0101dus personas datus: v\u0101rds, e-pasta adrese, t\u0101lru\u0146a numurs, apmekl\u0113t\u0101s lapas m\u016bsu m\u0101jaslap\u0101, s\u012bkfaili un citi [&hellip;]\" \/>\n<meta property=\"og:url\" content=\"https:\/\/minigolfrio.ee\/lv\/privatuma-politika\/\" \/>\n<meta property=\"article:publisher\" content=\"https:\/\/www.facebook.com\/minigolfrio\" \/>\n<meta property=\"article:modified_time\" content=\"2025-08-30T07:51:29+00:00\" \/>\n<meta name=\"twitter:card\" content=\"summary_large_image\" \/>\n<meta name=\"twitter:label1\" content=\"Est. reading time\" \/>\n\t<meta name=\"twitter:data1\" content=\"2 min\u016btes\" \/>\n<script type=\"application\/ld+json\" class=\"yoast-schema-graph\">{\"@context\":\"https:\\\/\\\/schema.org\",\"@graph\":[{\"@type\":\"WebPage\",\"@id\":\"https:\\\/\\\/minigolfrio.ee\\\/lv\\\/privatuma-politika\\\/\",\"url\":\"https:\\\/\\\/minigolfrio.ee\\\/lv\\\/privatuma-politika\\\/\",\"name\":\"Priv\u0101tuma politika -\",\"isPartOf\":{\"@id\":\"https:\\\/\\\/minigolfrio.ee\\\/#website\"},\"datePublished\":\"2020-08-27T05:23:10+00:00\",\"dateModified\":\"2025-08-30T07:51:29+00:00\",\"breadcrumb\":{\"@id\":\"https:\\\/\\\/minigolfrio.ee\\\/lv\\\/privatuma-politika\\\/#breadcrumb\"},\"inLanguage\":\"lv-LV\",\"potentialAction\":[{\"@type\":\"ReadAction\",\"target\":[\"https:\\\/\\\/minigolfrio.ee\\\/lv\\\/privatuma-politika\\\/\"]}]},{\"@type\":\"BreadcrumbList\",\"@id\":\"https:\\\/\\\/minigolfrio.ee\\\/lv\\\/privatuma-politika\\\/#breadcrumb\",\"itemListElement\":[{\"@type\":\"ListItem\",\"position\":1,\"name\":\"Home\",\"item\":\"https:\\\/\\\/minigolfrio.ee\\\/lv\\\/atputas-centrs-tartu\\\/\"},{\"@type\":\"ListItem\",\"position\":2,\"name\":\"Priv\u0101tuma politika\"}]},{\"@type\":\"WebSite\",\"@id\":\"https:\\\/\\\/minigolfrio.ee\\\/#website\",\"url\":\"https:\\\/\\\/minigolfrio.ee\\\/\",\"name\":\"Minigolf Rio\",\"description\":\"Ainulaadne vabaajakeskus Tartus\",\"publisher\":{\"@id\":\"https:\\\/\\\/minigolfrio.ee\\\/#organization\"},\"potentialAction\":[{\"@type\":\"SearchAction\",\"target\":{\"@type\":\"EntryPoint\",\"urlTemplate\":\"https:\\\/\\\/minigolfrio.ee\\\/?s={search_term_string}\"},\"query-input\":{\"@type\":\"PropertyValueSpecification\",\"valueRequired\":true,\"valueName\":\"search_term_string\"}}],\"inLanguage\":\"lv-LV\"},{\"@type\":\"Organization\",\"@id\":\"https:\\\/\\\/minigolfrio.ee\\\/#organization\",\"name\":\"Minigolf Rio\",\"url\":\"https:\\\/\\\/minigolfrio.ee\\\/\",\"logo\":{\"@type\":\"ImageObject\",\"inLanguage\":\"lv-LV\",\"@id\":\"https:\\\/\\\/minigolfrio.ee\\\/#\\\/schema\\\/logo\\\/image\\\/\",\"url\":\"https:\\\/\\\/minigolfrio.ee\\\/wp-content\\\/uploads\\\/2025\\\/03\\\/Rio-minigolf-Logo-labipaistev-1.svg\",\"contentUrl\":\"https:\\\/\\\/minigolfrio.ee\\\/wp-content\\\/uploads\\\/2025\\\/03\\\/Rio-minigolf-Logo-labipaistev-1.svg\",\"width\":85,\"height\":85,\"caption\":\"Minigolf Rio\"},\"image\":{\"@id\":\"https:\\\/\\\/minigolfrio.ee\\\/#\\\/schema\\\/logo\\\/image\\\/\"},\"sameAs\":[\"https:\\\/\\\/www.facebook.com\\\/minigolfrio\",\"https:\\\/\\\/www.instagram.com\\\/minigolfrio\\\/\"]}]}<\/script>\n<!-- \/ Yoast SEO plugin. -->","yoast_head_json":{"title":"Priv\u0101tuma politika -","robots":{"index":"index","follow":"follow","max-snippet":"max-snippet:-1","max-image-preview":"max-image-preview:large","max-video-preview":"max-video-preview:-1"},"canonical":"https:\/\/minigolfrio.ee\/lv\/privatuma-politika\/","og_locale":"lv_LV","og_type":"article","og_title":"Priv\u0101tuma politika -","og_description":"Priv\u0101tuma politika Ievads Uz\u0146\u0113mums&nbsp;Arona O\u00dc&nbsp;ciena j\u016bsu priv\u0101tumu un ap\u0146emas aizsarg\u0101t j\u016bsu personas datus. \u0160\u012b priv\u0101tuma politika izskaidro, k\u0101 uz\u0146\u0113mums v\u0101c, izmanto un aizsarg\u0101 j\u016bsu personas datus, kad apmekl\u0113jat m\u016bsu m\u0101jaslapu vai izmantojat m\u016bsu pakalpojumus. Dati, kuri tiek v\u0101kti Uz\u0146\u0113mums v\u0101c \u0161\u0101dus personas datus: v\u0101rds, e-pasta adrese, t\u0101lru\u0146a numurs, apmekl\u0113t\u0101s lapas m\u016bsu m\u0101jaslap\u0101, s\u012bkfaili un citi [&hellip;]","og_url":"https:\/\/minigolfrio.ee\/lv\/privatuma-politika\/","article_publisher":"https:\/\/www.facebook.com\/minigolfrio","article_modified_time":"2025-08-30T07:51:29+00:00","twitter_card":"summary_large_image","twitter_misc":{"Est. reading time":"2 min\u016btes"},"schema":{"@context":"https:\/\/schema.org","@graph":[{"@type":"WebPage","@id":"https:\/\/minigolfrio.ee\/lv\/privatuma-politika\/","url":"https:\/\/minigolfrio.ee\/lv\/privatuma-politika\/","name":"Priv\u0101tuma politika -","isPartOf":{"@id":"https:\/\/minigolfrio.ee\/#website"},"datePublished":"2020-08-27T05:23:10+00:00","dateModified":"2025-08-30T07:51:29+00:00","breadcrumb":{"@id":"https:\/\/minigolfrio.ee\/lv\/privatuma-politika\/#breadcrumb"},"inLanguage":"lv-LV","potentialAction":[{"@type":"ReadAction","target":["https:\/\/minigolfrio.ee\/lv\/privatuma-politika\/"]}]},{"@type":"BreadcrumbList","@id":"https:\/\/minigolfrio.ee\/lv\/privatuma-politika\/#breadcrumb","itemListElement":[{"@type":"ListItem","position":1,"name":"Home","item":"https:\/\/minigolfrio.ee\/lv\/atputas-centrs-tartu\/"},{"@type":"ListItem","position":2,"name":"Priv\u0101tuma politika"}]},{"@type":"WebSite","@id":"https:\/\/minigolfrio.ee\/#website","url":"https:\/\/minigolfrio.ee\/","name":"Minigolf Rio","description":"Ainulaadne vabaajakeskus Tartus","publisher":{"@id":"https:\/\/minigolfrio.ee\/#organization"},"potentialAction":[{"@type":"SearchAction","target":{"@type":"EntryPoint","urlTemplate":"https:\/\/minigolfrio.ee\/?s={search_term_string}"},"query-input":{"@type":"PropertyValueSpecification","valueRequired":true,"valueName":"search_term_string"}}],"inLanguage":"lv-LV"},{"@type":"Organization","@id":"https:\/\/minigolfrio.ee\/#organization","name":"Minigolf Rio","url":"https:\/\/minigolfrio.ee\/","logo":{"@type":"ImageObject","inLanguage":"lv-LV","@id":"https:\/\/minigolfrio.ee\/#\/schema\/logo\/image\/","url":"https:\/\/minigolfrio.ee\/wp-content\/uploads\/2025\/03\/Rio-minigolf-Logo-labipaistev-1.svg","contentUrl":"https:\/\/minigolfrio.ee\/wp-content\/uploads\/2025\/03\/Rio-minigolf-Logo-labipaistev-1.svg","width":85,"height":85,"caption":"Minigolf Rio"},"image":{"@id":"https:\/\/minigolfrio.ee\/#\/schema\/logo\/image\/"},"sameAs":["https:\/\/www.facebook.com\/minigolfrio","https:\/\/www.instagram.com\/minigolfrio\/"]}]}},"uagb_featured_image_src":{"full":false,"thumbnail":false,"medium":false,"medium_large":false,"large":false,"1536x1536":false,"2048x2048":false,"woocommerce_archive_thumbnail":false,"woocommerce_thumbnail":false,"woocommerce_single":false,"woocommerce_gallery_thumbnail":false},"uagb_author_info":{"display_name":"info@hammercode.eu","author_link":"https:\/\/minigolfrio.ee\/lv\/author\/infohammercode-eu\/"},"uagb_comment_info":0,"uagb_excerpt":"Priv\u0101tuma politika Ievads Uz\u0146\u0113mums&nbsp;Arona O\u00dc&nbsp;ciena j\u016bsu priv\u0101tumu un ap\u0146emas aizsarg\u0101t j\u016bsu personas datus. \u0160\u012b priv\u0101tuma politika izskaidro, k\u0101 uz\u0146\u0113mums v\u0101c, izmanto un aizsarg\u0101 j\u016bsu personas datus, kad apmekl\u0113jat m\u016bsu m\u0101jaslapu vai izmantojat m\u016bsu pakalpojumus. Dati, kuri tiek v\u0101kti Uz\u0146\u0113mums v\u0101c \u0161\u0101dus personas datus: v\u0101rds, e-pasta adrese, t\u0101lru\u0146a numurs, apmekl\u0113t\u0101s lapas m\u016bsu m\u0101jaslap\u0101, s\u012bkfaili un citi&hellip;","_links":{"self":[{"href":"https:\/\/minigolfrio.ee\/lv\/wp-json\/wp\/v2\/pages\/23867","targetHints":{"allow":["GET"]}}],"collection":[{"href":"https:\/\/minigolfrio.ee\/lv\/wp-json\/wp\/v2\/pages"}],"about":[{"href":"https:\/\/minigolfrio.ee\/lv\/wp-json\/wp\/v2\/types\/page"}],"author":[{"embeddable":true,"href":"https:\/\/minigolfrio.ee\/lv\/wp-json\/wp\/v2\/users\/1"}],"replies":[{"embeddable":true,"href":"https:\/\/minigolfrio.ee\/lv\/wp-json\/wp\/v2\/comments?post=23867"}],"version-history":[{"count":5,"href":"https:\/\/minigolfrio.ee\/lv\/wp-json\/wp\/v2\/pages\/23867\/revisions"}],"predecessor-version":[{"id":26335,"href":"https:\/\/minigolfrio.ee\/lv\/wp-json\/wp\/v2\/pages\/23867\/revisions\/26335"}],"wp:attachment":[{"href":"https:\/\/minigolfrio.ee\/lv\/wp-json\/wp\/v2\/media?parent=23867"}],"curies":[{"name":"wp","href":"https:\/\/api.w.org\/{rel}","templated":true}]}}