{"id":26106,"date":"2025-08-27T16:45:55","date_gmt":"2025-08-27T13:45:55","guid":{"rendered":"https:\/\/minigolfrio.ee\/noteikumi\/"},"modified":"2026-04-30T21:08:50","modified_gmt":"2026-04-30T18:08:50","slug":"noteikumi","status":"publish","type":"page","link":"https:\/\/minigolfrio.ee\/lv\/noteikumi\/","title":{"rendered":"Noteikumi"},"content":{"rendered":"\n<div class=\"wp-block-uagb-container uagb-block-cd645a5c alignfull uagb-is-root-container\"><div class=\"uagb-container-inner-blocks-wrap\">\n<div class=\"wp-block-uagb-advanced-heading uagb-block-751d8e9a\"><h2 class=\"uagb-heading-text\">Noteikumi<\/h2><\/div>\n<\/div><\/div>\n\n\n\n<div class=\"wp-block-uagb-container uagb-block-2d2f26f1 alignfull uagb-is-root-container\"><div class=\"uagb-container-inner-blocks-wrap\">\n<ul class=\"wp-block-list\">\n<li>Centr\u0101 j\u0101p\u0101rvietojas ze\u0137\u0113s.<\/li>\n\n\n\n<li>B\u0113rni l\u012bdz 10 gadu vecumam centr\u0101 dr\u012bkst uztur\u0113ties tikai kop\u0101 ar pavadoni.<\/li>\n\n\n\n<li>Ar p\u0101rtiku un dz\u0113rieniem var atrasties tikai tam paredz\u0113t\u0101s viet\u0101s (svin\u012bbu telp\u0101, kafejn\u012bc\u0101, pie galda).<\/li>\n\n\n\n<li>Maziem b\u0113rniem un apmekl\u0113t\u0101jiem ar \u012bpa\u0161\u0101m vajadz\u012bb\u0101m vienm\u0113r j\u0101b\u016bt kop\u0101 ar pavadoni.<\/li>\n\n\n\n<li>Atrodoties centr\u0101, pa\u0161iem j\u0101pieskata savas person\u012bg\u0101s mantas.<\/li>\n\n\n\n<li>Skrie\u0161ana centr\u0101 nav at\u013cauta.<\/li>\n\n\n\n<li>Aicin\u0101m b\u016bt draudz\u012bgiem vienam pret otru.<\/li>\n\n\n\n<li>Atrakcijas un sp\u0113les j\u0101izmanto tikai tam paredz\u0113tajam m\u0113r\u0137im. Pret\u0113j\u0101 gad\u012bjum\u0101 centra darbiniekam ir ties\u012bbas izteikt aizr\u0101d\u012bjumus.<\/li>\n\n\n\n<li>Apmekl\u0113t\u0101ji, kuri ir stipr\u0101 alkohola reibum\u0101 vai uzvedas trauc\u0113jo\u0161i, tiek izraid\u012bti.<\/li>\n\n\n\n<li>Centr\u0101 pied\u0101v\u0101jam ar\u012b viegl\u0101kus alkoholiskos dz\u0113rienus (alu, sidru, koktei\u013cus) \u2013 veicot pirkumu, esiet gatavs apliecin\u0101t savu vecumu.<\/li>\n\n\n\n<li>&#8220;Minigolf RIO&#8221; neuz\u0146emas atbild\u012bbu par negad\u012bjumiem, kas notiek centra noteikumu p\u0101rk\u0101p\u0161anas d\u0113\u013c.<\/li>\n\n\n\n<li>Centra darbinieki nepiecie\u0161am\u012bbas gad\u012bjum\u0101 sniedz nor\u0101d\u012bjumus un izskaidro atrakciju lieto\u0161anu.<\/li>\n<\/ul>\n<\/div><\/div>\n","protected":false},"excerpt":{"rendered":"<p>Noteikumi<\/p>\n","protected":false},"author":8,"featured_media":0,"parent":0,"menu_order":0,"comment_status":"closed","ping_status":"closed","template":"","meta":{"_gspb_post_css":"","inline_featured_image":false,"_uag_custom_page_level_css":"","footnotes":""},"class_list":["post-26106","page","type-page","status-publish","hentry"],"blocksy_meta":[],"yoast_head":"<!-- This site is optimized with the Yoast SEO plugin v27.5 - https:\/\/yoast.com\/product\/yoast-seo-wordpress\/ -->\n<title>Noteikumi -<\/title>\n<meta name=\"description\" content=\"Minigolf RIO iek\u0161\u0113j\u0101s k\u0101rt\u012bbas noteikumi, lai tavs apmekl\u0113jums Tartu br\u012bv\u0101 laika centr\u0101 b\u016btu dro\u0161s un jautrs. Noteikumi garant\u0113 pat\u012bkamu pieredzi ikvienam.\" \/>\n<meta name=\"robots\" content=\"index, follow, max-snippet:-1, max-image-preview:large, max-video-preview:-1\" \/>\n<link rel=\"canonical\" href=\"https:\/\/minigolfrio.ee\/lv\/noteikumi\/\" \/>\n<meta property=\"og:locale\" content=\"lv_LV\" \/>\n<meta property=\"og:type\" content=\"article\" \/>\n<meta property=\"og:title\" content=\"Noteikumi -\" \/>\n<meta property=\"og:description\" content=\"Minigolf RIO iek\u0161\u0113j\u0101s k\u0101rt\u012bbas noteikumi, lai tavs apmekl\u0113jums Tartu br\u012bv\u0101 laika centr\u0101 b\u016btu dro\u0161s un jautrs. Noteikumi garant\u0113 pat\u012bkamu pieredzi ikvienam.\" \/>\n<meta property=\"og:url\" content=\"https:\/\/minigolfrio.ee\/lv\/noteikumi\/\" \/>\n<meta property=\"article:publisher\" content=\"https:\/\/www.facebook.com\/minigolfrio\" \/>\n<meta property=\"article:modified_time\" content=\"2026-04-30T18:08:50+00:00\" \/>\n<meta name=\"twitter:card\" content=\"summary_large_image\" \/>\n<meta name=\"twitter:label1\" content=\"Est. reading time\" \/>\n\t<meta name=\"twitter:data1\" content=\"1 min\u016bte\" \/>\n<script type=\"application\/ld+json\" class=\"yoast-schema-graph\">{\"@context\":\"https:\\\/\\\/schema.org\",\"@graph\":[{\"@type\":\"WebPage\",\"@id\":\"https:\\\/\\\/minigolfrio.ee\\\/lv\\\/noteikumi\\\/\",\"url\":\"https:\\\/\\\/minigolfrio.ee\\\/lv\\\/noteikumi\\\/\",\"name\":\"Noteikumi -\",\"isPartOf\":{\"@id\":\"https:\\\/\\\/minigolfrio.ee\\\/#website\"},\"datePublished\":\"2025-08-27T13:45:55+00:00\",\"dateModified\":\"2026-04-30T18:08:50+00:00\",\"description\":\"Minigolf RIO iek\u0161\u0113j\u0101s k\u0101rt\u012bbas noteikumi, lai tavs apmekl\u0113jums Tartu br\u012bv\u0101 laika centr\u0101 b\u016btu dro\u0161s un jautrs. Noteikumi garant\u0113 pat\u012bkamu pieredzi ikvienam.\",\"breadcrumb\":{\"@id\":\"https:\\\/\\\/minigolfrio.ee\\\/lv\\\/noteikumi\\\/#breadcrumb\"},\"inLanguage\":\"lv-LV\",\"potentialAction\":[{\"@type\":\"ReadAction\",\"target\":[\"https:\\\/\\\/minigolfrio.ee\\\/lv\\\/noteikumi\\\/\"]}]},{\"@type\":\"BreadcrumbList\",\"@id\":\"https:\\\/\\\/minigolfrio.ee\\\/lv\\\/noteikumi\\\/#breadcrumb\",\"itemListElement\":[{\"@type\":\"ListItem\",\"position\":1,\"name\":\"Home\",\"item\":\"https:\\\/\\\/minigolfrio.ee\\\/lv\\\/\"},{\"@type\":\"ListItem\",\"position\":2,\"name\":\"Noteikumi\"}]},{\"@type\":\"WebSite\",\"@id\":\"https:\\\/\\\/minigolfrio.ee\\\/#website\",\"url\":\"https:\\\/\\\/minigolfrio.ee\\\/\",\"name\":\"Minigolf Rio\",\"description\":\"Ainulaadne vabaajakeskus Tartus\",\"publisher\":{\"@id\":\"https:\\\/\\\/minigolfrio.ee\\\/#organization\"},\"potentialAction\":[{\"@type\":\"SearchAction\",\"target\":{\"@type\":\"EntryPoint\",\"urlTemplate\":\"https:\\\/\\\/minigolfrio.ee\\\/?s={search_term_string}\"},\"query-input\":{\"@type\":\"PropertyValueSpecification\",\"valueRequired\":true,\"valueName\":\"search_term_string\"}}],\"inLanguage\":\"lv-LV\"},{\"@type\":\"Organization\",\"@id\":\"https:\\\/\\\/minigolfrio.ee\\\/#organization\",\"name\":\"Minigolf Rio\",\"url\":\"https:\\\/\\\/minigolfrio.ee\\\/\",\"logo\":{\"@type\":\"ImageObject\",\"inLanguage\":\"lv-LV\",\"@id\":\"https:\\\/\\\/minigolfrio.ee\\\/#\\\/schema\\\/logo\\\/image\\\/\",\"url\":\"https:\\\/\\\/minigolfrio.ee\\\/wp-content\\\/uploads\\\/2025\\\/03\\\/Rio-minigolf-Logo-labipaistev-1.svg\",\"contentUrl\":\"https:\\\/\\\/minigolfrio.ee\\\/wp-content\\\/uploads\\\/2025\\\/03\\\/Rio-minigolf-Logo-labipaistev-1.svg\",\"width\":85,\"height\":85,\"caption\":\"Minigolf Rio\"},\"image\":{\"@id\":\"https:\\\/\\\/minigolfrio.ee\\\/#\\\/schema\\\/logo\\\/image\\\/\"},\"sameAs\":[\"https:\\\/\\\/www.facebook.com\\\/minigolfrio\",\"https:\\\/\\\/www.instagram.com\\\/minigolfrio\\\/\"]}]}<\/script>\n<!-- \/ Yoast SEO plugin. -->","yoast_head_json":{"title":"Noteikumi -","description":"Minigolf RIO iek\u0161\u0113j\u0101s k\u0101rt\u012bbas noteikumi, lai tavs apmekl\u0113jums Tartu br\u012bv\u0101 laika centr\u0101 b\u016btu dro\u0161s un jautrs. Noteikumi garant\u0113 pat\u012bkamu pieredzi ikvienam.","robots":{"index":"index","follow":"follow","max-snippet":"max-snippet:-1","max-image-preview":"max-image-preview:large","max-video-preview":"max-video-preview:-1"},"canonical":"https:\/\/minigolfrio.ee\/lv\/noteikumi\/","og_locale":"lv_LV","og_type":"article","og_title":"Noteikumi -","og_description":"Minigolf RIO iek\u0161\u0113j\u0101s k\u0101rt\u012bbas noteikumi, lai tavs apmekl\u0113jums Tartu br\u012bv\u0101 laika centr\u0101 b\u016btu dro\u0161s un jautrs. Noteikumi garant\u0113 pat\u012bkamu pieredzi ikvienam.","og_url":"https:\/\/minigolfrio.ee\/lv\/noteikumi\/","article_publisher":"https:\/\/www.facebook.com\/minigolfrio","article_modified_time":"2026-04-30T18:08:50+00:00","twitter_card":"summary_large_image","twitter_misc":{"Est. reading time":"1 min\u016bte"},"schema":{"@context":"https:\/\/schema.org","@graph":[{"@type":"WebPage","@id":"https:\/\/minigolfrio.ee\/lv\/noteikumi\/","url":"https:\/\/minigolfrio.ee\/lv\/noteikumi\/","name":"Noteikumi -","isPartOf":{"@id":"https:\/\/minigolfrio.ee\/#website"},"datePublished":"2025-08-27T13:45:55+00:00","dateModified":"2026-04-30T18:08:50+00:00","description":"Minigolf RIO iek\u0161\u0113j\u0101s k\u0101rt\u012bbas noteikumi, lai tavs apmekl\u0113jums Tartu br\u012bv\u0101 laika centr\u0101 b\u016btu dro\u0161s un jautrs. Noteikumi garant\u0113 pat\u012bkamu pieredzi ikvienam.","breadcrumb":{"@id":"https:\/\/minigolfrio.ee\/lv\/noteikumi\/#breadcrumb"},"inLanguage":"lv-LV","potentialAction":[{"@type":"ReadAction","target":["https:\/\/minigolfrio.ee\/lv\/noteikumi\/"]}]},{"@type":"BreadcrumbList","@id":"https:\/\/minigolfrio.ee\/lv\/noteikumi\/#breadcrumb","itemListElement":[{"@type":"ListItem","position":1,"name":"Home","item":"https:\/\/minigolfrio.ee\/lv\/"},{"@type":"ListItem","position":2,"name":"Noteikumi"}]},{"@type":"WebSite","@id":"https:\/\/minigolfrio.ee\/#website","url":"https:\/\/minigolfrio.ee\/","name":"Minigolf Rio","description":"Ainulaadne vabaajakeskus Tartus","publisher":{"@id":"https:\/\/minigolfrio.ee\/#organization"},"potentialAction":[{"@type":"SearchAction","target":{"@type":"EntryPoint","urlTemplate":"https:\/\/minigolfrio.ee\/?s={search_term_string}"},"query-input":{"@type":"PropertyValueSpecification","valueRequired":true,"valueName":"search_term_string"}}],"inLanguage":"lv-LV"},{"@type":"Organization","@id":"https:\/\/minigolfrio.ee\/#organization","name":"Minigolf Rio","url":"https:\/\/minigolfrio.ee\/","logo":{"@type":"ImageObject","inLanguage":"lv-LV","@id":"https:\/\/minigolfrio.ee\/#\/schema\/logo\/image\/","url":"https:\/\/minigolfrio.ee\/wp-content\/uploads\/2025\/03\/Rio-minigolf-Logo-labipaistev-1.svg","contentUrl":"https:\/\/minigolfrio.ee\/wp-content\/uploads\/2025\/03\/Rio-minigolf-Logo-labipaistev-1.svg","width":85,"height":85,"caption":"Minigolf Rio"},"image":{"@id":"https:\/\/minigolfrio.ee\/#\/schema\/logo\/image\/"},"sameAs":["https:\/\/www.facebook.com\/minigolfrio","https:\/\/www.instagram.com\/minigolfrio\/"]}]}},"uagb_featured_image_src":{"full":false,"thumbnail":false,"medium":false,"medium_large":false,"large":false,"1536x1536":false,"2048x2048":false,"woocommerce_archive_thumbnail":false,"woocommerce_thumbnail":false,"woocommerce_single":false,"woocommerce_gallery_thumbnail":false},"uagb_author_info":{"display_name":"Tiina","author_link":"https:\/\/minigolfrio.ee\/lv\/author\/tiina\/"},"uagb_comment_info":0,"uagb_excerpt":"Noteikumi","_links":{"self":[{"href":"https:\/\/minigolfrio.ee\/lv\/wp-json\/wp\/v2\/pages\/26106","targetHints":{"allow":["GET"]}}],"collection":[{"href":"https:\/\/minigolfrio.ee\/lv\/wp-json\/wp\/v2\/pages"}],"about":[{"href":"https:\/\/minigolfrio.ee\/lv\/wp-json\/wp\/v2\/types\/page"}],"author":[{"embeddable":true,"href":"https:\/\/minigolfrio.ee\/lv\/wp-json\/wp\/v2\/users\/8"}],"replies":[{"embeddable":true,"href":"https:\/\/minigolfrio.ee\/lv\/wp-json\/wp\/v2\/comments?post=26106"}],"version-history":[{"count":5,"href":"https:\/\/minigolfrio.ee\/lv\/wp-json\/wp\/v2\/pages\/26106\/revisions"}],"predecessor-version":[{"id":28919,"href":"https:\/\/minigolfrio.ee\/lv\/wp-json\/wp\/v2\/pages\/26106\/revisions\/28919"}],"wp:attachment":[{"href":"https:\/\/minigolfrio.ee\/lv\/wp-json\/wp\/v2\/media?parent=26106"}],"curies":[{"name":"wp","href":"https:\/\/api.w.org\/{rel}","templated":true}]}}