{"id":28700,"date":"2026-04-24T15:30:56","date_gmt":"2026-04-24T12:30:56","guid":{"rendered":"https:\/\/minigolfrio.ee\/?page_id=28700"},"modified":"2026-04-24T15:30:56","modified_gmt":"2026-04-24T12:30:56","slug":"kontakti-2","status":"publish","type":"page","link":"https:\/\/minigolfrio.ee\/lv\/kontakti-2\/","title":{"rendered":"Kontakti"},"content":{"rendered":"<p><iframe src=\"https:\/\/maps.google.com\/maps?t=m&amp;output=embed&amp;iwloc=near&amp;z=17&amp;q=V%C3%B5ru+tn+55f%2C+50111+Tartu%2C+%D0%AD%D1%81%D1%82%D0%BE%D0%BD%D0%B8%D1%8F\" aria-label=\"\"><\/iframe><\/p>\n<style type=\"text\/css\">.trx_addons_inline_1230191978{width:100%;height:590px;}<\/style>\n<h4>Kontaktinform\u0101cija<\/h4>\n<p>&#8220;ARONA O\u00dc&#8221;<br \/>\nTartu, V\u00f5ru 55f<br \/>\nEesti 50111<br \/>\nTirdzniec\u012bbas centra &#8220;S\u00f5brakeskus&#8221; 1. st\u0101v\u0101<br \/>\n<a href=\"info@minigolfrio.ee\">info@minigolfrio.ee<\/a><\/p>\n<p><a href=\"tel:+372%2052%2042%20814\">+372 52 42 814<\/a><\/p>\n<p>Darbalaiks:<br \/>\nP\u2013Pk plkst. 14:00\u201322:00<br \/>\nS-Sv plkst. 10.00\u201322.00<br \/>\nSv plkst. 10:00-22:00<\/p>\n<form action=\"\/wp-admin\/admin-ajax.php#wpcf7-f1324-o3\" method=\"post\" novalidate=\"novalidate\" aria-label=\"Contact form\" data-status=\"init\" data-inited-validation=\"1\"><input name=\"_wpcf7\" type=\"hidden\" value=\"1324\"><br \/>\n<input name=\"_wpcf7_version\" type=\"hidden\" value=\"6.0.3\"><br \/>\n<input name=\"_wpcf7_locale\" type=\"hidden\" value=\"en_US\"><br \/>\n<input name=\"_wpcf7_unit_tag\" type=\"hidden\" value=\"wpcf7-f1324-o3\"><br \/>\n<input name=\"_wpcf7_container_post\" type=\"hidden\" value=\"0\"><br \/>\n<input name=\"_wpcf7_posted_data_hash\" type=\"hidden\" value=\"\"><\/form>\n<p><input class=\"fill_inited\" maxlength=\"400\" name=\"your-name\" size=\"40\" type=\"text\" value=\"\" placeholder=\"V\u0101rds\" aria-required=\"true\" aria-invalid=\"false\"><\/p>\n<p><input class=\"fill_inited\" maxlength=\"400\" name=\"your-email\" size=\"40\" type=\"email\" value=\"\" placeholder=\"E-pasts\" aria-required=\"true\" aria-invalid=\"false\"><\/p>\n<p><input class=\"fill_inited\" maxlength=\"400\" name=\"phone\" size=\"40\" type=\"tel\" value=\"\" placeholder=\"T\u0101lrunis\" aria-required=\"true\" aria-invalid=\"false\"><\/p>\n<p><input class=\"fill_inited\" maxlength=\"400\" name=\"subject\" size=\"40\" type=\"text\" value=\"\" placeholder=\"T\u0113ma\" aria-required=\"true\" aria-invalid=\"false\"><\/p>\n<p><textarea class=\"fill_inited\" cols=\"40\" maxlength=\"2000\" name=\"your-message\" rows=\"10\" placeholder=\"K\u0101 varam jums pal\u012bdz\u0113t? Dro\u0161i sazinieties ar mums!\" aria-required=\"true\" aria-invalid=\"false\"><\/textarea><\/p>\n<p><input type=\"submit\" value=\"Nos\u016bt\u012bt v\u0113stuli\"><label><input class=\"inited\" name=\"acceptance\" type=\"checkbox\" value=\"1\" aria-invalid=\"false\"><a href=\"https:\/\/minigolfrio.ee\/lv\/privatuma-politika\/\">Piekr\u012btu, ka mani dati tiks v\u0101kti un saglab\u0101ti.<\/a><\/label><\/p>\n","protected":false},"excerpt":{"rendered":"<p>Kontaktinform\u0101cija &#8220;ARONA O\u00dc&#8221; Tartu, V\u00f5ru 55f Eesti 50111 Tirdzniec\u012bbas centra &#8220;S\u00f5brakeskus&#8221; 1. st\u0101v\u0101 info@minigolfrio.ee +372 52 42 814 Darbalaiks: P\u2013Pk plkst. 14:00\u201322:00 S-Sv plkst. 10.00\u201322.00 Sv plkst. 10:00-22:00 Piekr\u012btu, ka mani dati tiks v\u0101kti un saglab\u0101ti.<\/p>\n","protected":false},"author":8,"featured_media":0,"parent":0,"menu_order":0,"comment_status":"closed","ping_status":"closed","template":"","meta":{"_gspb_post_css":"","inline_featured_image":false,"_uag_custom_page_level_css":"","footnotes":""},"class_list":["post-28700","page","type-page","status-publish","hentry"],"blocksy_meta":[],"yoast_head":"<!-- This site is optimized with the Yoast SEO plugin v27.4 - https:\/\/yoast.com\/product\/yoast-seo-wordpress\/ -->\n<title>Kontakti -<\/title>\n<meta name=\"description\" content=\"Sazinieties ar &quot;Minigolf Rio&quot; person\u0101lu! Jaut\u0101jumu, rezerv\u0101ciju un \u012bpa\u0161o pied\u0101v\u0101jumu gad\u012bjum\u0101 rakstiet mums vai zvaniet! Esam \u0161eit, lai j\u016bsu apmekl\u0113jumu padar\u012btu par \u012bpa\u0161u!\" \/>\n<meta name=\"robots\" content=\"index, follow, max-snippet:-1, max-image-preview:large, max-video-preview:-1\" \/>\n<link rel=\"canonical\" href=\"https:\/\/minigolfrio.ee\/lv\/kontakti-2\/\" \/>\n<meta property=\"og:locale\" content=\"lv_LV\" \/>\n<meta property=\"og:type\" content=\"article\" \/>\n<meta property=\"og:title\" content=\"Kontakti -\" \/>\n<meta property=\"og:description\" content=\"Sazinieties ar &quot;Minigolf Rio&quot; person\u0101lu! Jaut\u0101jumu, rezerv\u0101ciju un \u012bpa\u0161o pied\u0101v\u0101jumu gad\u012bjum\u0101 rakstiet mums vai zvaniet! Esam \u0161eit, lai j\u016bsu apmekl\u0113jumu padar\u012btu par \u012bpa\u0161u!\" \/>\n<meta property=\"og:url\" content=\"https:\/\/minigolfrio.ee\/lv\/kontakti-2\/\" \/>\n<meta name=\"twitter:card\" content=\"summary_large_image\" \/>\n<script type=\"application\/ld+json\" class=\"yoast-schema-graph\">{\"@context\":\"https:\\\/\\\/schema.org\",\"@graph\":[{\"@type\":\"WebPage\",\"@id\":\"https:\\\/\\\/minigolfrio.ee\\\/lv\\\/kontakti-2\\\/\",\"url\":\"https:\\\/\\\/minigolfrio.ee\\\/lv\\\/kontakti-2\\\/\",\"name\":\"Kontakti -\",\"isPartOf\":{\"@id\":\"https:\\\/\\\/minigolfrio.ee\\\/#website\"},\"datePublished\":\"2026-04-24T12:30:56+00:00\",\"description\":\"Sazinieties ar \\\"Minigolf Rio\\\" person\u0101lu! Jaut\u0101jumu, rezerv\u0101ciju un \u012bpa\u0161o pied\u0101v\u0101jumu gad\u012bjum\u0101 rakstiet mums vai zvaniet! Esam \u0161eit, lai j\u016bsu apmekl\u0113jumu padar\u012btu par \u012bpa\u0161u!\",\"breadcrumb\":{\"@id\":\"https:\\\/\\\/minigolfrio.ee\\\/lv\\\/kontakti-2\\\/#breadcrumb\"},\"inLanguage\":\"lv-LV\",\"potentialAction\":[{\"@type\":\"ReadAction\",\"target\":[\"https:\\\/\\\/minigolfrio.ee\\\/lv\\\/kontakti-2\\\/\"]}]},{\"@type\":\"BreadcrumbList\",\"@id\":\"https:\\\/\\\/minigolfrio.ee\\\/lv\\\/kontakti-2\\\/#breadcrumb\",\"itemListElement\":[{\"@type\":\"ListItem\",\"position\":1,\"name\":\"Home\",\"item\":\"https:\\\/\\\/minigolfrio.ee\\\/lv\\\/atputas-centrs-tartu-2\\\/\"},{\"@type\":\"ListItem\",\"position\":2,\"name\":\"Kontakti\"}]},{\"@type\":\"WebSite\",\"@id\":\"https:\\\/\\\/minigolfrio.ee\\\/#website\",\"url\":\"https:\\\/\\\/minigolfrio.ee\\\/\",\"name\":\"Minigolf Rio\",\"description\":\"Ainulaadne vabaajakeskus Tartus\",\"publisher\":{\"@id\":\"https:\\\/\\\/minigolfrio.ee\\\/#organization\"},\"potentialAction\":[{\"@type\":\"SearchAction\",\"target\":{\"@type\":\"EntryPoint\",\"urlTemplate\":\"https:\\\/\\\/minigolfrio.ee\\\/?s={search_term_string}\"},\"query-input\":{\"@type\":\"PropertyValueSpecification\",\"valueRequired\":true,\"valueName\":\"search_term_string\"}}],\"inLanguage\":\"lv-LV\"},{\"@type\":\"Organization\",\"@id\":\"https:\\\/\\\/minigolfrio.ee\\\/#organization\",\"name\":\"Minigolf Rio\",\"url\":\"https:\\\/\\\/minigolfrio.ee\\\/\",\"logo\":{\"@type\":\"ImageObject\",\"inLanguage\":\"lv-LV\",\"@id\":\"https:\\\/\\\/minigolfrio.ee\\\/#\\\/schema\\\/logo\\\/image\\\/\",\"url\":\"https:\\\/\\\/minigolfrio.ee\\\/wp-content\\\/uploads\\\/2025\\\/03\\\/Rio-minigolf-Logo-labipaistev-1.svg\",\"contentUrl\":\"https:\\\/\\\/minigolfrio.ee\\\/wp-content\\\/uploads\\\/2025\\\/03\\\/Rio-minigolf-Logo-labipaistev-1.svg\",\"width\":85,\"height\":85,\"caption\":\"Minigolf Rio\"},\"image\":{\"@id\":\"https:\\\/\\\/minigolfrio.ee\\\/#\\\/schema\\\/logo\\\/image\\\/\"}}]}<\/script>\n<!-- \/ Yoast SEO plugin. -->","yoast_head_json":{"title":"Kontakti -","description":"Sazinieties ar \"Minigolf Rio\" person\u0101lu! Jaut\u0101jumu, rezerv\u0101ciju un \u012bpa\u0161o pied\u0101v\u0101jumu gad\u012bjum\u0101 rakstiet mums vai zvaniet! Esam \u0161eit, lai j\u016bsu apmekl\u0113jumu padar\u012btu par \u012bpa\u0161u!","robots":{"index":"index","follow":"follow","max-snippet":"max-snippet:-1","max-image-preview":"max-image-preview:large","max-video-preview":"max-video-preview:-1"},"canonical":"https:\/\/minigolfrio.ee\/lv\/kontakti-2\/","og_locale":"lv_LV","og_type":"article","og_title":"Kontakti -","og_description":"Sazinieties ar \"Minigolf Rio\" person\u0101lu! Jaut\u0101jumu, rezerv\u0101ciju un \u012bpa\u0161o pied\u0101v\u0101jumu gad\u012bjum\u0101 rakstiet mums vai zvaniet! Esam \u0161eit, lai j\u016bsu apmekl\u0113jumu padar\u012btu par \u012bpa\u0161u!","og_url":"https:\/\/minigolfrio.ee\/lv\/kontakti-2\/","twitter_card":"summary_large_image","schema":{"@context":"https:\/\/schema.org","@graph":[{"@type":"WebPage","@id":"https:\/\/minigolfrio.ee\/lv\/kontakti-2\/","url":"https:\/\/minigolfrio.ee\/lv\/kontakti-2\/","name":"Kontakti -","isPartOf":{"@id":"https:\/\/minigolfrio.ee\/#website"},"datePublished":"2026-04-24T12:30:56+00:00","description":"Sazinieties ar \"Minigolf Rio\" person\u0101lu! Jaut\u0101jumu, rezerv\u0101ciju un \u012bpa\u0161o pied\u0101v\u0101jumu gad\u012bjum\u0101 rakstiet mums vai zvaniet! Esam \u0161eit, lai j\u016bsu apmekl\u0113jumu padar\u012btu par \u012bpa\u0161u!","breadcrumb":{"@id":"https:\/\/minigolfrio.ee\/lv\/kontakti-2\/#breadcrumb"},"inLanguage":"lv-LV","potentialAction":[{"@type":"ReadAction","target":["https:\/\/minigolfrio.ee\/lv\/kontakti-2\/"]}]},{"@type":"BreadcrumbList","@id":"https:\/\/minigolfrio.ee\/lv\/kontakti-2\/#breadcrumb","itemListElement":[{"@type":"ListItem","position":1,"name":"Home","item":"https:\/\/minigolfrio.ee\/lv\/atputas-centrs-tartu-2\/"},{"@type":"ListItem","position":2,"name":"Kontakti"}]},{"@type":"WebSite","@id":"https:\/\/minigolfrio.ee\/#website","url":"https:\/\/minigolfrio.ee\/","name":"Minigolf Rio","description":"Ainulaadne vabaajakeskus Tartus","publisher":{"@id":"https:\/\/minigolfrio.ee\/#organization"},"potentialAction":[{"@type":"SearchAction","target":{"@type":"EntryPoint","urlTemplate":"https:\/\/minigolfrio.ee\/?s={search_term_string}"},"query-input":{"@type":"PropertyValueSpecification","valueRequired":true,"valueName":"search_term_string"}}],"inLanguage":"lv-LV"},{"@type":"Organization","@id":"https:\/\/minigolfrio.ee\/#organization","name":"Minigolf Rio","url":"https:\/\/minigolfrio.ee\/","logo":{"@type":"ImageObject","inLanguage":"lv-LV","@id":"https:\/\/minigolfrio.ee\/#\/schema\/logo\/image\/","url":"https:\/\/minigolfrio.ee\/wp-content\/uploads\/2025\/03\/Rio-minigolf-Logo-labipaistev-1.svg","contentUrl":"https:\/\/minigolfrio.ee\/wp-content\/uploads\/2025\/03\/Rio-minigolf-Logo-labipaistev-1.svg","width":85,"height":85,"caption":"Minigolf Rio"},"image":{"@id":"https:\/\/minigolfrio.ee\/#\/schema\/logo\/image\/"}}]}},"uagb_featured_image_src":{"full":false,"thumbnail":false,"medium":false,"medium_large":false,"large":false,"1536x1536":false,"2048x2048":false,"woocommerce_archive_thumbnail":false,"woocommerce_thumbnail":false,"woocommerce_single":false,"woocommerce_gallery_thumbnail":false},"uagb_author_info":{"display_name":"Tiina","author_link":"https:\/\/minigolfrio.ee\/lv\/author\/tiina\/"},"uagb_comment_info":0,"uagb_excerpt":"Kontaktinform\u0101cija &#8220;ARONA O\u00dc&#8221; Tartu, V\u00f5ru 55f Eesti 50111 Tirdzniec\u012bbas centra &#8220;S\u00f5brakeskus&#8221; 1. st\u0101v\u0101 info@minigolfrio.ee +372 52 42 814 Darbalaiks: P\u2013Pk plkst. 14:00\u201322:00 S-Sv plkst. 10.00\u201322.00 Sv plkst. 10:00-22:00 Piekr\u012btu, ka mani dati tiks v\u0101kti un saglab\u0101ti.","_links":{"self":[{"href":"https:\/\/minigolfrio.ee\/lv\/wp-json\/wp\/v2\/pages\/28700","targetHints":{"allow":["GET"]}}],"collection":[{"href":"https:\/\/minigolfrio.ee\/lv\/wp-json\/wp\/v2\/pages"}],"about":[{"href":"https:\/\/minigolfrio.ee\/lv\/wp-json\/wp\/v2\/types\/page"}],"author":[{"embeddable":true,"href":"https:\/\/minigolfrio.ee\/lv\/wp-json\/wp\/v2\/users\/8"}],"replies":[{"embeddable":true,"href":"https:\/\/minigolfrio.ee\/lv\/wp-json\/wp\/v2\/comments?post=28700"}],"version-history":[{"count":1,"href":"https:\/\/minigolfrio.ee\/lv\/wp-json\/wp\/v2\/pages\/28700\/revisions"}],"predecessor-version":[{"id":28702,"href":"https:\/\/minigolfrio.ee\/lv\/wp-json\/wp\/v2\/pages\/28700\/revisions\/28702"}],"wp:attachment":[{"href":"https:\/\/minigolfrio.ee\/lv\/wp-json\/wp\/v2\/media?parent=28700"}],"curies":[{"name":"wp","href":"https:\/\/api.w.org\/{rel}","templated":true}]}}