{"id":28922,"date":"2026-02-13T21:37:13","date_gmt":"2026-02-13T19:37:13","guid":{"rendered":"https:\/\/minigolfrio.ee\/pasuti-ballitei\/"},"modified":"2026-02-13T21:37:13","modified_gmt":"2026-02-13T19:37:13","slug":"pasuti-ballitei","status":"publish","type":"page","link":"https:\/\/minigolfrio.ee\/lv\/pasuti-ballitei\/","title":{"rendered":"Pas\u016bti ball\u012btei"},"content":{"rendered":"\n<div class=\"wp-block-greenshift-blocks-row gspb_row gspb_row-id-gsbp-e9ae775\" id=\"gspb_row-id-gsbp-e9ae775\"><div class=\"gspb_row__content\"> \n<div class=\"wp-block-greenshift-blocks-row-column gspb_row__col--4 gspb_col-id-gsbp-6a26236\" id=\"gspb_col-id-gsbp-6a26236\">\n<figure data-wp-context=\"{&quot;imageId&quot;:&quot;69f50d4c96007&quot;}\" data-wp-interactive=\"core\/image\" data-wp-key=\"69f50d4c96007\" class=\"wp-block-image size-large wp-lightbox-container\"><img loading=\"lazy\" decoding=\"async\" width=\"768\" height=\"1024\" data-wp-class--hide=\"state.isContentHidden\" data-wp-class--show=\"state.isContentVisible\" data-wp-init=\"callbacks.setButtonStyles\" data-wp-on--click=\"actions.showLightbox\" data-wp-on--load=\"callbacks.setButtonStyles\" data-wp-on-window--resize=\"callbacks.setButtonStyles\" src=\"https:\/\/minigolfrio.ee\/wp-content\/uploads\/2026\/02\/IMG_4050-768x1024.jpg\" alt=\"\" class=\"wp-image-27949\" srcset=\"https:\/\/minigolfrio.ee\/wp-content\/uploads\/2026\/02\/IMG_4050-768x1024.jpg 768w, https:\/\/minigolfrio.ee\/wp-content\/uploads\/2026\/02\/IMG_4050-800x1067.jpg 800w, https:\/\/minigolfrio.ee\/wp-content\/uploads\/2026\/02\/IMG_4050-225x300.jpg 225w, https:\/\/minigolfrio.ee\/wp-content\/uploads\/2026\/02\/IMG_4050-370x493.jpg 370w, https:\/\/minigolfrio.ee\/wp-content\/uploads\/2026\/02\/IMG_4050-840x1120.jpg 840w, https:\/\/minigolfrio.ee\/wp-content\/uploads\/2026\/02\/IMG_4050-410x547.jpg 410w, https:\/\/minigolfrio.ee\/wp-content\/uploads\/2026\/02\/IMG_4050.jpg 959w\" sizes=\"auto, (max-width: 768px) 100vw, 768px\" \/><button\n\t\t\tclass=\"lightbox-trigger\"\n\t\t\ttype=\"button\"\n\t\t\taria-haspopup=\"dialog\"\n\t\t\taria-label=\"Palielin\u0101t\"\n\t\t\tdata-wp-init=\"callbacks.initTriggerButton\"\n\t\t\tdata-wp-on--click=\"actions.showLightbox\"\n\t\t\tdata-wp-style--right=\"state.imageButtonRight\"\n\t\t\tdata-wp-style--top=\"state.imageButtonTop\"\n\t\t>\n\t\t\t<svg xmlns=\"http:\/\/www.w3.org\/2000\/svg\" width=\"12\" height=\"12\" fill=\"none\" viewBox=\"0 0 12 12\">\n\t\t\t\t<path fill=\"#fff\" d=\"M2 0a2 2 0 0 0-2 2v2h1.5V2a.5.5 0 0 1 .5-.5h2V0H2Zm2 10.5H2a.5.5 0 0 1-.5-.5V8H0v2a2 2 0 0 0 2 2h2v-1.5ZM8 12v-1.5h2a.5.5 0 0 0 .5-.5V8H12v2a2 2 0 0 1-2 2H8Zm2-12a2 2 0 0 1 2 2v2h-1.5V2a.5.5 0 0 0-.5-.5H8V0h2Z\" \/>\n\t\t\t<\/svg>\n\t\t<\/button><\/figure>\n<\/div>\n\n\n\n<div class=\"wp-block-greenshift-blocks-row-column gspb_row__col--4 gspb_col-id-gsbp-a17464e\" id=\"gspb_col-id-gsbp-a17464e\">\n<figure data-wp-context=\"{&quot;imageId&quot;:&quot;69f50d4c962b4&quot;}\" data-wp-interactive=\"core\/image\" data-wp-key=\"69f50d4c962b4\" class=\"wp-block-image size-large wp-lightbox-container\"><img loading=\"lazy\" decoding=\"async\" width=\"768\" height=\"1024\" data-wp-class--hide=\"state.isContentHidden\" data-wp-class--show=\"state.isContentVisible\" data-wp-init=\"callbacks.setButtonStyles\" data-wp-on--click=\"actions.showLightbox\" data-wp-on--load=\"callbacks.setButtonStyles\" data-wp-on-window--resize=\"callbacks.setButtonStyles\" src=\"https:\/\/minigolfrio.ee\/wp-content\/uploads\/2026\/02\/IMG_4366-768x1024.jpg\" alt=\"Minigolf Rio pas\u016bti \u0113dienus\" class=\"wp-image-27943\" srcset=\"https:\/\/minigolfrio.ee\/wp-content\/uploads\/2026\/02\/IMG_4366-768x1024.jpg 768w, https:\/\/minigolfrio.ee\/wp-content\/uploads\/2026\/02\/IMG_4366-800x1067.jpg 800w, https:\/\/minigolfrio.ee\/wp-content\/uploads\/2026\/02\/IMG_4366-225x300.jpg 225w, https:\/\/minigolfrio.ee\/wp-content\/uploads\/2026\/02\/IMG_4366-370x493.jpg 370w, https:\/\/minigolfrio.ee\/wp-content\/uploads\/2026\/02\/IMG_4366-840x1120.jpg 840w, https:\/\/minigolfrio.ee\/wp-content\/uploads\/2026\/02\/IMG_4366-410x547.jpg 410w, https:\/\/minigolfrio.ee\/wp-content\/uploads\/2026\/02\/IMG_4366.jpg 959w\" sizes=\"auto, (max-width: 768px) 100vw, 768px\" \/><button\n\t\t\tclass=\"lightbox-trigger\"\n\t\t\ttype=\"button\"\n\t\t\taria-haspopup=\"dialog\"\n\t\t\taria-label=\"Palielin\u0101t\"\n\t\t\tdata-wp-init=\"callbacks.initTriggerButton\"\n\t\t\tdata-wp-on--click=\"actions.showLightbox\"\n\t\t\tdata-wp-style--right=\"state.imageButtonRight\"\n\t\t\tdata-wp-style--top=\"state.imageButtonTop\"\n\t\t>\n\t\t\t<svg xmlns=\"http:\/\/www.w3.org\/2000\/svg\" width=\"12\" height=\"12\" fill=\"none\" viewBox=\"0 0 12 12\">\n\t\t\t\t<path fill=\"#fff\" d=\"M2 0a2 2 0 0 0-2 2v2h1.5V2a.5.5 0 0 1 .5-.5h2V0H2Zm2 10.5H2a.5.5 0 0 1-.5-.5V8H0v2a2 2 0 0 0 2 2h2v-1.5ZM8 12v-1.5h2a.5.5 0 0 0 .5-.5V8H12v2a2 2 0 0 1-2 2H8Zm2-12a2 2 0 0 1 2 2v2h-1.5V2a.5.5 0 0 0-.5-.5H8V0h2Z\" \/>\n\t\t\t<\/svg>\n\t\t<\/button><\/figure>\n<\/div>\n\n\n\n<div class=\"wp-block-greenshift-blocks-row-column gspb_row__col--4 gspb_col-id-gsbp-4efc17a\" id=\"gspb_col-id-gsbp-4efc17a\">\n<figure class=\"wp-block-image size-large\"><img loading=\"lazy\" decoding=\"async\" width=\"768\" height=\"1024\" src=\"https:\/\/minigolfrio.ee\/wp-content\/uploads\/2026\/02\/IMG_4363-768x1024.jpg\" alt=\"\" class=\"wp-image-27946\" srcset=\"https:\/\/minigolfrio.ee\/wp-content\/uploads\/2026\/02\/IMG_4363-768x1024.jpg 768w, https:\/\/minigolfrio.ee\/wp-content\/uploads\/2026\/02\/IMG_4363-800x1067.jpg 800w, https:\/\/minigolfrio.ee\/wp-content\/uploads\/2026\/02\/IMG_4363-225x300.jpg 225w, https:\/\/minigolfrio.ee\/wp-content\/uploads\/2026\/02\/IMG_4363-370x493.jpg 370w, https:\/\/minigolfrio.ee\/wp-content\/uploads\/2026\/02\/IMG_4363-840x1120.jpg 840w, https:\/\/minigolfrio.ee\/wp-content\/uploads\/2026\/02\/IMG_4363-410x547.jpg 410w, https:\/\/minigolfrio.ee\/wp-content\/uploads\/2026\/02\/IMG_4363.jpg 959w\" sizes=\"auto, (max-width: 768px) 100vw, 768px\" \/><\/figure>\n<\/div>\n <\/div><\/div>\n\n\n\n<div class=\"wp-block-greenshift-blocks-row gspb_row gspb_row-id-gsbp-2fa0330\" id=\"gspb_row-id-gsbp-2fa0330\"><div class=\"gspb_row__content\"> \n<div class=\"wp-block-greenshift-blocks-row-column gspb_row__col--4 gspb_col-id-gsbp-16ddedf\" id=\"gspb_col-id-gsbp-16ddedf\">\n<figure data-wp-context=\"{&quot;imageId&quot;:&quot;69f50d4c96de2&quot;}\" data-wp-interactive=\"core\/image\" data-wp-key=\"69f50d4c96de2\" class=\"wp-block-image size-large wp-lightbox-container\"><img loading=\"lazy\" decoding=\"async\" width=\"1024\" height=\"768\" data-wp-class--hide=\"state.isContentHidden\" data-wp-class--show=\"state.isContentVisible\" data-wp-init=\"callbacks.setButtonStyles\" data-wp-on--click=\"actions.showLightbox\" data-wp-on--load=\"callbacks.setButtonStyles\" data-wp-on-window--resize=\"callbacks.setButtonStyles\" src=\"https:\/\/minigolfrio.ee\/wp-content\/uploads\/2026\/02\/IMG_3572-1024x768.jpg\" alt=\"Minigolf Rio pas\u016bti \u0113dienus\" class=\"wp-image-27955\" srcset=\"https:\/\/minigolfrio.ee\/wp-content\/uploads\/2026\/02\/IMG_3572-1024x768.jpg 1024w, https:\/\/minigolfrio.ee\/wp-content\/uploads\/2026\/02\/IMG_3572-800x600.jpg 800w, https:\/\/minigolfrio.ee\/wp-content\/uploads\/2026\/02\/IMG_3572-300x225.jpg 300w, https:\/\/minigolfrio.ee\/wp-content\/uploads\/2026\/02\/IMG_3572-768x576.jpg 768w, https:\/\/minigolfrio.ee\/wp-content\/uploads\/2026\/02\/IMG_3572-1536x1152.jpg 1536w, https:\/\/minigolfrio.ee\/wp-content\/uploads\/2026\/02\/IMG_3572-370x278.jpg 370w, https:\/\/minigolfrio.ee\/wp-content\/uploads\/2026\/02\/IMG_3572-840x630.jpg 840w, https:\/\/minigolfrio.ee\/wp-content\/uploads\/2026\/02\/IMG_3572-410x308.jpg 410w, https:\/\/minigolfrio.ee\/wp-content\/uploads\/2026\/02\/IMG_3572.jpg 1705w\" sizes=\"auto, (max-width: 1024px) 100vw, 1024px\" \/><button\n\t\t\tclass=\"lightbox-trigger\"\n\t\t\ttype=\"button\"\n\t\t\taria-haspopup=\"dialog\"\n\t\t\taria-label=\"Palielin\u0101t\"\n\t\t\tdata-wp-init=\"callbacks.initTriggerButton\"\n\t\t\tdata-wp-on--click=\"actions.showLightbox\"\n\t\t\tdata-wp-style--right=\"state.imageButtonRight\"\n\t\t\tdata-wp-style--top=\"state.imageButtonTop\"\n\t\t>\n\t\t\t<svg xmlns=\"http:\/\/www.w3.org\/2000\/svg\" width=\"12\" height=\"12\" fill=\"none\" viewBox=\"0 0 12 12\">\n\t\t\t\t<path fill=\"#fff\" d=\"M2 0a2 2 0 0 0-2 2v2h1.5V2a.5.5 0 0 1 .5-.5h2V0H2Zm2 10.5H2a.5.5 0 0 1-.5-.5V8H0v2a2 2 0 0 0 2 2h2v-1.5ZM8 12v-1.5h2a.5.5 0 0 0 .5-.5V8H12v2a2 2 0 0 1-2 2H8Zm2-12a2 2 0 0 1 2 2v2h-1.5V2a.5.5 0 0 0-.5-.5H8V0h2Z\" \/>\n\t\t\t<\/svg>\n\t\t<\/button><\/figure>\n<\/div>\n\n\n\n<div class=\"wp-block-greenshift-blocks-row-column gspb_row__col--4 gspb_col-id-gsbp-10b7a15\" id=\"gspb_col-id-gsbp-10b7a15\">\n<figure data-wp-context=\"{&quot;imageId&quot;:&quot;69f50d4c96ffa&quot;}\" data-wp-interactive=\"core\/image\" data-wp-key=\"69f50d4c96ffa\" class=\"wp-block-image size-large wp-lightbox-container\"><img loading=\"lazy\" decoding=\"async\" width=\"1024\" height=\"768\" data-wp-class--hide=\"state.isContentHidden\" data-wp-class--show=\"state.isContentVisible\" data-wp-init=\"callbacks.setButtonStyles\" data-wp-on--click=\"actions.showLightbox\" data-wp-on--load=\"callbacks.setButtonStyles\" data-wp-on-window--resize=\"callbacks.setButtonStyles\" src=\"https:\/\/minigolfrio.ee\/wp-content\/uploads\/2026\/02\/IMG_1866-1024x768.jpg\" alt=\"Minigolf Rio pas\u016bti \u0113dienus\" class=\"wp-image-27958\" srcset=\"https:\/\/minigolfrio.ee\/wp-content\/uploads\/2026\/02\/IMG_1866-1024x768.jpg 1024w, https:\/\/minigolfrio.ee\/wp-content\/uploads\/2026\/02\/IMG_1866-800x600.jpg 800w, https:\/\/minigolfrio.ee\/wp-content\/uploads\/2026\/02\/IMG_1866-300x225.jpg 300w, https:\/\/minigolfrio.ee\/wp-content\/uploads\/2026\/02\/IMG_1866-768x576.jpg 768w, https:\/\/minigolfrio.ee\/wp-content\/uploads\/2026\/02\/IMG_1866-1536x1152.jpg 1536w, https:\/\/minigolfrio.ee\/wp-content\/uploads\/2026\/02\/IMG_1866-370x278.jpg 370w, https:\/\/minigolfrio.ee\/wp-content\/uploads\/2026\/02\/IMG_1866-840x630.jpg 840w, https:\/\/minigolfrio.ee\/wp-content\/uploads\/2026\/02\/IMG_1866-410x308.jpg 410w, https:\/\/minigolfrio.ee\/wp-content\/uploads\/2026\/02\/IMG_1866.jpg 1705w\" sizes=\"auto, (max-width: 1024px) 100vw, 1024px\" \/><button\n\t\t\tclass=\"lightbox-trigger\"\n\t\t\ttype=\"button\"\n\t\t\taria-haspopup=\"dialog\"\n\t\t\taria-label=\"Palielin\u0101t\"\n\t\t\tdata-wp-init=\"callbacks.initTriggerButton\"\n\t\t\tdata-wp-on--click=\"actions.showLightbox\"\n\t\t\tdata-wp-style--right=\"state.imageButtonRight\"\n\t\t\tdata-wp-style--top=\"state.imageButtonTop\"\n\t\t>\n\t\t\t<svg xmlns=\"http:\/\/www.w3.org\/2000\/svg\" width=\"12\" height=\"12\" fill=\"none\" viewBox=\"0 0 12 12\">\n\t\t\t\t<path fill=\"#fff\" d=\"M2 0a2 2 0 0 0-2 2v2h1.5V2a.5.5 0 0 1 .5-.5h2V0H2Zm2 10.5H2a.5.5 0 0 1-.5-.5V8H0v2a2 2 0 0 0 2 2h2v-1.5ZM8 12v-1.5h2a.5.5 0 0 0 .5-.5V8H12v2a2 2 0 0 1-2 2H8Zm2-12a2 2 0 0 1 2 2v2h-1.5V2a.5.5 0 0 0-.5-.5H8V0h2Z\" \/>\n\t\t\t<\/svg>\n\t\t<\/button><\/figure>\n<\/div>\n\n\n\n<div class=\"wp-block-greenshift-blocks-row-column gspb_row__col--4 gspb_col-id-gsbp-14a31dd\" id=\"gspb_col-id-gsbp-14a31dd\">\n<figure data-wp-context=\"{&quot;imageId&quot;:&quot;69f50d4c971e0&quot;}\" data-wp-interactive=\"core\/image\" data-wp-key=\"69f50d4c971e0\" class=\"wp-block-image size-large wp-lightbox-container\"><img loading=\"lazy\" decoding=\"async\" width=\"1024\" height=\"768\" data-wp-class--hide=\"state.isContentHidden\" data-wp-class--show=\"state.isContentVisible\" data-wp-init=\"callbacks.setButtonStyles\" data-wp-on--click=\"actions.showLightbox\" data-wp-on--load=\"callbacks.setButtonStyles\" data-wp-on-window--resize=\"callbacks.setButtonStyles\" src=\"https:\/\/minigolfrio.ee\/wp-content\/uploads\/2026\/02\/IMG_3579-1024x768.jpg\" alt=\"Minigolf Rio pas\u016bti \u0113dienus\" class=\"wp-image-27952\" srcset=\"https:\/\/minigolfrio.ee\/wp-content\/uploads\/2026\/02\/IMG_3579-1024x768.jpg 1024w, https:\/\/minigolfrio.ee\/wp-content\/uploads\/2026\/02\/IMG_3579-800x600.jpg 800w, https:\/\/minigolfrio.ee\/wp-content\/uploads\/2026\/02\/IMG_3579-300x225.jpg 300w, https:\/\/minigolfrio.ee\/wp-content\/uploads\/2026\/02\/IMG_3579-768x576.jpg 768w, https:\/\/minigolfrio.ee\/wp-content\/uploads\/2026\/02\/IMG_3579-1536x1152.jpg 1536w, https:\/\/minigolfrio.ee\/wp-content\/uploads\/2026\/02\/IMG_3579-370x278.jpg 370w, https:\/\/minigolfrio.ee\/wp-content\/uploads\/2026\/02\/IMG_3579-840x630.jpg 840w, https:\/\/minigolfrio.ee\/wp-content\/uploads\/2026\/02\/IMG_3579-410x308.jpg 410w, https:\/\/minigolfrio.ee\/wp-content\/uploads\/2026\/02\/IMG_3579.jpg 1705w\" sizes=\"auto, (max-width: 1024px) 100vw, 1024px\" \/><button\n\t\t\tclass=\"lightbox-trigger\"\n\t\t\ttype=\"button\"\n\t\t\taria-haspopup=\"dialog\"\n\t\t\taria-label=\"Palielin\u0101t\"\n\t\t\tdata-wp-init=\"callbacks.initTriggerButton\"\n\t\t\tdata-wp-on--click=\"actions.showLightbox\"\n\t\t\tdata-wp-style--right=\"state.imageButtonRight\"\n\t\t\tdata-wp-style--top=\"state.imageButtonTop\"\n\t\t>\n\t\t\t<svg xmlns=\"http:\/\/www.w3.org\/2000\/svg\" width=\"12\" height=\"12\" fill=\"none\" viewBox=\"0 0 12 12\">\n\t\t\t\t<path fill=\"#fff\" d=\"M2 0a2 2 0 0 0-2 2v2h1.5V2a.5.5 0 0 1 .5-.5h2V0H2Zm2 10.5H2a.5.5 0 0 1-.5-.5V8H0v2a2 2 0 0 0 2 2h2v-1.5ZM8 12v-1.5h2a.5.5 0 0 0 .5-.5V8H12v2a2 2 0 0 1-2 2H8Zm2-12a2 2 0 0 1 2 2v2h-1.5V2a.5.5 0 0 0-.5-.5H8V0h2Z\" \/>\n\t\t\t<\/svg>\n\t\t<\/button><\/figure>\n<\/div>\n <\/div><\/div>\n\n\n\n<figure class=\"wp-block-table\"><table class=\"has-fixed-layout\"><tbody><tr><td><strong>\u0112dieni<\/strong><\/td><td><strong>Cenas<\/strong><\/td><\/tr><tr><td>Aug\u013cu plate 1,5 kg <\/td><td>30.-<\/td><\/tr><tr><td>D\u0101rze\u0146u plate ar m\u0113rci 1,5 kg <\/td><td>25.-<\/td><\/tr><tr><td>Picas Campione<\/td><td><a href=\"https:\/\/pizzacampione.ee\/pizza-campione\/pitsa\">picas un cenas<\/a><\/td><\/tr><tr><td>Liel\u0101 na\u010do plate ar siera m\u0113rci 475 g + 200 g<\/td><td>15.-<\/td><\/tr><tr><td>Mazais na\u010do grozi\u0146\u0161 ar siera m\u0113rci 180 g + 100 g<\/td><td>7.-<\/td><\/tr><tr><td>Uzkodu plate TAPAS (Serrano \u0161\u0137i\u0146\u0137is, chorizo, salami, fuet desi\u0146as, za\u013c\u0101s ol\u012bvas, na\u010do)<\/td><td>15.-<\/td><\/tr><tr><td>Sald\u0113juma kokteilis ar pl\u016bmju sulu 250 ml<\/td><td>2.50<\/td><\/tr><tr><td>Kafija, t\u0113ja<\/td><td>1.50<\/td><\/tr><\/tbody><\/table><\/figure>\n\n\n\n<p class=\"has-text-align-center\"><strong>Lai pas\u016bt\u012btu, raksti uz <a href=\"mailto:info@minigolfrio.ee\" target=\"_blank\" rel=\"noreferrer noopener\">info@minigolfrio.ee<\/a> vai zvani <a href=\"tel:+372%2052%2042%20814\">+372 52 42 814<\/a><\/strong><\/p>\n","protected":false},"excerpt":{"rendered":"<p>\u0112dieni Cenas Aug\u013cu plate 1,5 kg 30.- D\u0101rze\u0146u plate ar m\u0113rci 1,5 kg 25.- Picas Campione picas un cenas Liel\u0101 na\u010do plate ar siera m\u0113rci 475 g + 200 g 15.- Mazais na\u010do grozi\u0146\u0161 ar siera m\u0113rci 180 g + 100 g 7.- Uzkodu plate TAPAS (Serrano \u0161\u0137i\u0146\u0137is, chorizo, salami, fuet desi\u0146as, za\u013c\u0101s ol\u012bvas, na\u010do) [&hellip;]<\/p>\n","protected":false},"author":8,"featured_media":0,"parent":0,"menu_order":0,"comment_status":"closed","ping_status":"closed","template":"","meta":{"_gspb_post_css":"#gspb_row-id-gsbp-2fa0330,#gspb_row-id-gsbp-e9ae775{justify-content:space-between;margin-top:0;margin-bottom:0;display:flex;flex-wrap:wrap}#gspb_row-id-gsbp-e9ae775>.gspb_row__content{display:flex;justify-content:space-between;margin:0 auto;width:100%;flex-wrap:wrap;max-width:1200px}.gspb_row{position:relative}div[id^=gspb_col-id]{box-sizing:border-box;position:relative;padding:var(--gs-row-column-padding, 15px min(3vw, 20px))}#gspb_col-id-gsbp-6a26236.gspb_row__col--4{width:33.333333333333336%}@media (max-width:575.98px){#gspb_col-id-gsbp-6a26236.gspb_row__col--4{width:100%}}#gspb_col-id-gsbp-a17464e.gspb_row__col--4{width:33.333333333333336%}@media (max-width:575.98px){#gspb_col-id-gsbp-a17464e.gspb_row__col--4{width:100%}}#gspb_col-id-gsbp-4efc17a.gspb_row__col--4{width:33.333333333333336%}@media (max-width:575.98px){#gspb_col-id-gsbp-4efc17a.gspb_row__col--4{width:100%}}#gspb_row-id-gsbp-2fa0330>.gspb_row__content{display:flex;justify-content:space-between;margin:0 auto;width:100%;flex-wrap:wrap;max-width:1200px}#gspb_col-id-gsbp-16ddedf.gspb_row__col--4{width:33.333333333333336%}@media (max-width:575.98px){#gspb_col-id-gsbp-16ddedf.gspb_row__col--4{width:100%}}#gspb_col-id-gsbp-10b7a15.gspb_row__col--4{width:33.333333333333336%}@media (max-width:575.98px){#gspb_col-id-gsbp-10b7a15.gspb_row__col--4{width:100%}}#gspb_col-id-gsbp-14a31dd.gspb_row__col--4{width:33.333333333333336%}@media (max-width:575.98px){#gspb_col-id-gsbp-14a31dd.gspb_row__col--4{width:100%}}","inline_featured_image":false,"_uag_custom_page_level_css":"","footnotes":""},"class_list":["post-28922","page","type-page","status-publish","hentry"],"blocksy_meta":[],"yoast_head":"<!-- This site is optimized with the Yoast SEO plugin v27.5 - https:\/\/yoast.com\/product\/yoast-seo-wordpress\/ -->\n<title>Pas\u016bti ball\u012btei -<\/title>\n<meta name=\"robots\" content=\"index, follow, max-snippet:-1, max-image-preview:large, max-video-preview:-1\" \/>\n<link rel=\"canonical\" href=\"https:\/\/minigolfrio.ee\/pasuti-ballitei\/\" \/>\n<meta property=\"og:locale\" content=\"lv_LV\" \/>\n<meta property=\"og:type\" content=\"article\" \/>\n<meta property=\"og:title\" content=\"Pas\u016bti ball\u012btei -\" \/>\n<meta property=\"og:description\" content=\"\u0112dieni Cenas Aug\u013cu plate 1,5 kg 30.- D\u0101rze\u0146u plate ar m\u0113rci 1,5 kg 25.- Picas Campione picas un cenas Liel\u0101 na\u010do plate ar siera m\u0113rci 475 g + 200 g 15.- Mazais na\u010do grozi\u0146\u0161 ar siera m\u0113rci 180 g + 100 g 7.- Uzkodu plate TAPAS (Serrano \u0161\u0137i\u0146\u0137is, chorizo, salami, fuet desi\u0146as, za\u013c\u0101s ol\u012bvas, na\u010do) [&hellip;]\" \/>\n<meta property=\"og:url\" content=\"https:\/\/minigolfrio.ee\/pasuti-ballitei\/\" \/>\n<meta property=\"article:publisher\" content=\"https:\/\/www.facebook.com\/minigolfrio\" \/>\n<meta property=\"og:image\" content=\"https:\/\/minigolfrio.ee\/wp-content\/uploads\/2026\/02\/IMG_4050.jpg\" \/>\n\t<meta property=\"og:image:width\" content=\"959\" \/>\n\t<meta property=\"og:image:height\" content=\"1279\" \/>\n\t<meta property=\"og:image:type\" content=\"image\/jpeg\" \/>\n<meta name=\"twitter:card\" content=\"summary_large_image\" \/>\n<script type=\"application\/ld+json\" class=\"yoast-schema-graph\">{\"@context\":\"https:\\\/\\\/schema.org\",\"@graph\":[{\"@type\":\"WebPage\",\"@id\":\"https:\\\/\\\/minigolfrio.ee\\\/pasuti-ballitei\\\/\",\"url\":\"https:\\\/\\\/minigolfrio.ee\\\/pasuti-ballitei\\\/\",\"name\":\"Pas\u016bti ball\u012btei -\",\"isPartOf\":{\"@id\":\"https:\\\/\\\/minigolfrio.ee\\\/#website\"},\"primaryImageOfPage\":{\"@id\":\"https:\\\/\\\/minigolfrio.ee\\\/pasuti-ballitei\\\/#primaryimage\"},\"image\":{\"@id\":\"https:\\\/\\\/minigolfrio.ee\\\/pasuti-ballitei\\\/#primaryimage\"},\"thumbnailUrl\":\"https:\\\/\\\/minigolfrio.ee\\\/wp-content\\\/uploads\\\/2026\\\/02\\\/IMG_4050-768x1024.jpg\",\"datePublished\":\"2026-02-13T19:37:13+00:00\",\"breadcrumb\":{\"@id\":\"https:\\\/\\\/minigolfrio.ee\\\/pasuti-ballitei\\\/#breadcrumb\"},\"inLanguage\":\"lv-LV\",\"potentialAction\":[{\"@type\":\"ReadAction\",\"target\":[\"https:\\\/\\\/minigolfrio.ee\\\/pasuti-ballitei\\\/\"]}]},{\"@type\":\"ImageObject\",\"inLanguage\":\"lv-LV\",\"@id\":\"https:\\\/\\\/minigolfrio.ee\\\/pasuti-ballitei\\\/#primaryimage\",\"url\":\"https:\\\/\\\/minigolfrio.ee\\\/wp-content\\\/uploads\\\/2026\\\/02\\\/IMG_4050-768x1024.jpg\",\"contentUrl\":\"https:\\\/\\\/minigolfrio.ee\\\/wp-content\\\/uploads\\\/2026\\\/02\\\/IMG_4050-768x1024.jpg\"},{\"@type\":\"BreadcrumbList\",\"@id\":\"https:\\\/\\\/minigolfrio.ee\\\/pasuti-ballitei\\\/#breadcrumb\",\"itemListElement\":[{\"@type\":\"ListItem\",\"position\":1,\"name\":\"Home\",\"item\":\"https:\\\/\\\/minigolfrio.ee\\\/lv\\\/\"},{\"@type\":\"ListItem\",\"position\":2,\"name\":\"Pas\u016bti ball\u012btei\"}]},{\"@type\":\"WebSite\",\"@id\":\"https:\\\/\\\/minigolfrio.ee\\\/#website\",\"url\":\"https:\\\/\\\/minigolfrio.ee\\\/\",\"name\":\"Minigolf Rio\",\"description\":\"Ainulaadne vabaajakeskus Tartus\",\"publisher\":{\"@id\":\"https:\\\/\\\/minigolfrio.ee\\\/#organization\"},\"potentialAction\":[{\"@type\":\"SearchAction\",\"target\":{\"@type\":\"EntryPoint\",\"urlTemplate\":\"https:\\\/\\\/minigolfrio.ee\\\/?s={search_term_string}\"},\"query-input\":{\"@type\":\"PropertyValueSpecification\",\"valueRequired\":true,\"valueName\":\"search_term_string\"}}],\"inLanguage\":\"lv-LV\"},{\"@type\":\"Organization\",\"@id\":\"https:\\\/\\\/minigolfrio.ee\\\/#organization\",\"name\":\"Minigolf Rio\",\"url\":\"https:\\\/\\\/minigolfrio.ee\\\/\",\"logo\":{\"@type\":\"ImageObject\",\"inLanguage\":\"lv-LV\",\"@id\":\"https:\\\/\\\/minigolfrio.ee\\\/#\\\/schema\\\/logo\\\/image\\\/\",\"url\":\"https:\\\/\\\/minigolfrio.ee\\\/wp-content\\\/uploads\\\/2025\\\/03\\\/Rio-minigolf-Logo-labipaistev-1.svg\",\"contentUrl\":\"https:\\\/\\\/minigolfrio.ee\\\/wp-content\\\/uploads\\\/2025\\\/03\\\/Rio-minigolf-Logo-labipaistev-1.svg\",\"width\":85,\"height\":85,\"caption\":\"Minigolf Rio\"},\"image\":{\"@id\":\"https:\\\/\\\/minigolfrio.ee\\\/#\\\/schema\\\/logo\\\/image\\\/\"},\"sameAs\":[\"https:\\\/\\\/www.facebook.com\\\/minigolfrio\",\"https:\\\/\\\/www.instagram.com\\\/minigolfrio\\\/\"]}]}<\/script>\n<!-- \/ Yoast SEO plugin. -->","yoast_head_json":{"title":"Pas\u016bti ball\u012btei -","robots":{"index":"index","follow":"follow","max-snippet":"max-snippet:-1","max-image-preview":"max-image-preview:large","max-video-preview":"max-video-preview:-1"},"canonical":"https:\/\/minigolfrio.ee\/pasuti-ballitei\/","og_locale":"lv_LV","og_type":"article","og_title":"Pas\u016bti ball\u012btei -","og_description":"\u0112dieni Cenas Aug\u013cu plate 1,5 kg 30.- D\u0101rze\u0146u plate ar m\u0113rci 1,5 kg 25.- Picas Campione picas un cenas Liel\u0101 na\u010do plate ar siera m\u0113rci 475 g + 200 g 15.- Mazais na\u010do grozi\u0146\u0161 ar siera m\u0113rci 180 g + 100 g 7.- Uzkodu plate TAPAS (Serrano \u0161\u0137i\u0146\u0137is, chorizo, salami, fuet desi\u0146as, za\u013c\u0101s ol\u012bvas, na\u010do) [&hellip;]","og_url":"https:\/\/minigolfrio.ee\/pasuti-ballitei\/","article_publisher":"https:\/\/www.facebook.com\/minigolfrio","og_image":[{"width":959,"height":1279,"url":"https:\/\/minigolfrio.ee\/wp-content\/uploads\/2026\/02\/IMG_4050.jpg","type":"image\/jpeg"}],"twitter_card":"summary_large_image","schema":{"@context":"https:\/\/schema.org","@graph":[{"@type":"WebPage","@id":"https:\/\/minigolfrio.ee\/pasuti-ballitei\/","url":"https:\/\/minigolfrio.ee\/pasuti-ballitei\/","name":"Pas\u016bti ball\u012btei -","isPartOf":{"@id":"https:\/\/minigolfrio.ee\/#website"},"primaryImageOfPage":{"@id":"https:\/\/minigolfrio.ee\/pasuti-ballitei\/#primaryimage"},"image":{"@id":"https:\/\/minigolfrio.ee\/pasuti-ballitei\/#primaryimage"},"thumbnailUrl":"https:\/\/minigolfrio.ee\/wp-content\/uploads\/2026\/02\/IMG_4050-768x1024.jpg","datePublished":"2026-02-13T19:37:13+00:00","breadcrumb":{"@id":"https:\/\/minigolfrio.ee\/pasuti-ballitei\/#breadcrumb"},"inLanguage":"lv-LV","potentialAction":[{"@type":"ReadAction","target":["https:\/\/minigolfrio.ee\/pasuti-ballitei\/"]}]},{"@type":"ImageObject","inLanguage":"lv-LV","@id":"https:\/\/minigolfrio.ee\/pasuti-ballitei\/#primaryimage","url":"https:\/\/minigolfrio.ee\/wp-content\/uploads\/2026\/02\/IMG_4050-768x1024.jpg","contentUrl":"https:\/\/minigolfrio.ee\/wp-content\/uploads\/2026\/02\/IMG_4050-768x1024.jpg"},{"@type":"BreadcrumbList","@id":"https:\/\/minigolfrio.ee\/pasuti-ballitei\/#breadcrumb","itemListElement":[{"@type":"ListItem","position":1,"name":"Home","item":"https:\/\/minigolfrio.ee\/lv\/"},{"@type":"ListItem","position":2,"name":"Pas\u016bti ball\u012btei"}]},{"@type":"WebSite","@id":"https:\/\/minigolfrio.ee\/#website","url":"https:\/\/minigolfrio.ee\/","name":"Minigolf Rio","description":"Ainulaadne vabaajakeskus Tartus","publisher":{"@id":"https:\/\/minigolfrio.ee\/#organization"},"potentialAction":[{"@type":"SearchAction","target":{"@type":"EntryPoint","urlTemplate":"https:\/\/minigolfrio.ee\/?s={search_term_string}"},"query-input":{"@type":"PropertyValueSpecification","valueRequired":true,"valueName":"search_term_string"}}],"inLanguage":"lv-LV"},{"@type":"Organization","@id":"https:\/\/minigolfrio.ee\/#organization","name":"Minigolf Rio","url":"https:\/\/minigolfrio.ee\/","logo":{"@type":"ImageObject","inLanguage":"lv-LV","@id":"https:\/\/minigolfrio.ee\/#\/schema\/logo\/image\/","url":"https:\/\/minigolfrio.ee\/wp-content\/uploads\/2025\/03\/Rio-minigolf-Logo-labipaistev-1.svg","contentUrl":"https:\/\/minigolfrio.ee\/wp-content\/uploads\/2025\/03\/Rio-minigolf-Logo-labipaistev-1.svg","width":85,"height":85,"caption":"Minigolf Rio"},"image":{"@id":"https:\/\/minigolfrio.ee\/#\/schema\/logo\/image\/"},"sameAs":["https:\/\/www.facebook.com\/minigolfrio","https:\/\/www.instagram.com\/minigolfrio\/"]}]}},"uagb_featured_image_src":{"full":false,"thumbnail":false,"medium":false,"medium_large":false,"large":false,"1536x1536":false,"2048x2048":false,"woocommerce_archive_thumbnail":false,"woocommerce_thumbnail":false,"woocommerce_single":false,"woocommerce_gallery_thumbnail":false},"uagb_author_info":{"display_name":"Tiina","author_link":"https:\/\/minigolfrio.ee\/lv\/author\/tiina\/"},"uagb_comment_info":0,"uagb_excerpt":"\u0112dieni Cenas Aug\u013cu plate 1,5 kg 30.- D\u0101rze\u0146u plate ar m\u0113rci 1,5 kg 25.- Picas Campione picas un cenas Liel\u0101 na\u010do plate ar siera m\u0113rci 475 g + 200 g 15.- Mazais na\u010do grozi\u0146\u0161 ar siera m\u0113rci 180 g + 100 g 7.- Uzkodu plate TAPAS (Serrano \u0161\u0137i\u0146\u0137is, chorizo, salami, fuet desi\u0146as, za\u013c\u0101s ol\u012bvas, na\u010do)&hellip;","_links":{"self":[{"href":"https:\/\/minigolfrio.ee\/lv\/wp-json\/wp\/v2\/pages\/28922","targetHints":{"allow":["GET"]}}],"collection":[{"href":"https:\/\/minigolfrio.ee\/lv\/wp-json\/wp\/v2\/pages"}],"about":[{"href":"https:\/\/minigolfrio.ee\/lv\/wp-json\/wp\/v2\/types\/page"}],"author":[{"embeddable":true,"href":"https:\/\/minigolfrio.ee\/lv\/wp-json\/wp\/v2\/users\/8"}],"replies":[{"embeddable":true,"href":"https:\/\/minigolfrio.ee\/lv\/wp-json\/wp\/v2\/comments?post=28922"}],"version-history":[{"count":0,"href":"https:\/\/minigolfrio.ee\/lv\/wp-json\/wp\/v2\/pages\/28922\/revisions"}],"wp:attachment":[{"href":"https:\/\/minigolfrio.ee\/lv\/wp-json\/wp\/v2\/media?parent=28922"}],"curies":[{"name":"wp","href":"https:\/\/api.w.org\/{rel}","templated":true}]}}